{"id":2596,"date":"2025-09-26T14:46:23","date_gmt":"2025-09-26T14:46:23","guid":{"rendered":"https:\/\/fsac.cat\/colabora\/"},"modified":"2026-01-13T09:48:19","modified_gmt":"2026-01-13T09:48:19","slug":"colabora","status":"publish","type":"page","link":"https:\/\/fsac.cat\/es\/colabora\/","title":{"rendered":"Colabora"},"content":{"rendered":"<p>[et_pb_section fb_built=\u00bb1&#8243; module_id=\u00bbhero\u00bb _builder_version=\u00bb4.27.4&#8243; _module_preset=\u00bbdefault\u00bb background_color=\u00bbrgba(0,0,0,0.5)\u00bb background_image=\u00bbhttps:\/\/fsac.cat\/wp-content\/uploads\/2025\/08\/1546787509.jpg\u00bb background_blend=\u00bbdarken\u00bb min_height=\u00bb650px\u00bb custom_padding=\u00bb||||false|false\u00bb custom_css_main_element=\u00bbdisplay: flex;||    flex-direction: column;||    justify-content: center;\u00bb locked=\u00bboff\u00bb global_colors_info=\u00bb{}\u00bb][et_pb_row custom_padding_last_edited=\u00bbon|phone\u00bb _builder_version=\u00bb4.27.4&#8243; _module_preset=\u00bbdefault\u00bb module_alignment=\u00bbcenter\u00bb custom_padding=\u00bb|15%|||false|false\u00bb custom_padding_tablet=\u00bb|5%|||false|false\u00bb custom_padding_phone=\u00bb\u00bb global_colors_info=\u00bb{}\u00bb][et_pb_column type=\u00bb4_4&#8243; _builder_version=\u00bb4.27.4&#8243; _module_preset=\u00bbdefault\u00bb global_colors_info=\u00bb{}\u00bb][et_pb_text _builder_version=\u00bb4.27.4&#8243; _module_preset=\u00bbdefault\u00bb width=\u00bb65%\u00bb global_colors_info=\u00bb{}\u00bb]<\/p>\n<h1>\u00bfQuieres contribuir a nuestro prop\u00f3sito?<\/h1>\n<h2>Colabora con nosotros<\/h2>\n<p>[\/et_pb_text][\/et_pb_column][\/et_pb_row][\/et_pb_section][et_pb_section fb_built=\u00bb1&#8243; _builder_version=\u00bb4.27.4&#8243; _module_preset=\u00bbdefault\u00bb locked=\u00bboff\u00bb global_colors_info=\u00bb{}\u00bb][et_pb_row _builder_version=\u00bb4.27.4&#8243; _module_preset=\u00bbdefault\u00bb width=\u00bb65%\u00bb width_tablet=\u00bb80%\u00bb width_phone=\u00bb80%\u00bb width_last_edited=\u00bbon|phone\u00bb global_colors_info=\u00bb{}\u00bb][et_pb_column type=\u00bb4_4&#8243; _builder_version=\u00bb4.27.4&#8243; _module_preset=\u00bbdefault\u00bb global_colors_info=\u00bb{}\u00bb][et_pb_text _builder_version=\u00bb4.27.4&#8243; _module_preset=\u00bbdefault\u00bb header_3_font_size=\u00bb36px\u00bb header_3_line_height=\u00bb1.4em\u00bb header_6_font_size=\u00bb36px\u00bb header_6_line_height=\u00bb1.4em\u00bb text_orientation=\u00bbcenter\u00bb custom_margin=\u00bb||||false|false\u00bb custom_padding=\u00bb||||false|false\u00bb header_3_font_size_tablet=\u00bb30px\u00bb header_3_font_size_phone=\u00bb24px\u00bb header_3_font_size_last_edited=\u00bbon|desktop\u00bb global_colors_info=\u00bb{}\u00bb]<\/p>\n<h3>Voluntariado y donaciones<\/h3>\n<p>[\/et_pb_text][et_pb_text _builder_version=\u00bb4.27.4&#8243; _module_preset=\u00bbdefault\u00bb text_font_size=\u00bb20px\u00bb header_3_font_size=\u00bb36px\u00bb header_3_line_height=\u00bb1.4em\u00bb header_6_font_size=\u00bb36px\u00bb header_6_line_height=\u00bb1.4em\u00bb text_orientation=\u00bbcenter\u00bb header_3_font_size_tablet=\u00bb30px\u00bb header_3_font_size_phone=\u00bb24px\u00bb header_3_font_size_last_edited=\u00bbon|desktop\u00bb global_colors_info=\u00bb{}\u00bb]<\/p>\n<p>Las dos f\u00f3rmulas que ponemos a tu alcance para contribuir a nuestra visi\u00f3n \u201cPromover una mejora y adecuaci\u00f3n de los servicios a las cambiantes necesidades de las personas y de la comunidad.\u201d<\/p>\n<p>[\/et_pb_text][\/et_pb_column][\/et_pb_row][\/et_pb_section][et_pb_section fb_built=\u00bb1&#8243; _builder_version=\u00bb4.27.4&#8243; _module_preset=\u00bbdefault\u00bb background_color=\u00bb#fdfcf1&#8243; locked=\u00bboff\u00bb global_colors_info=\u00bb{}\u00bb][et_pb_row column_structure=\u00bb1_2,1_2&#8243; disabled_on=\u00bboff|off|off\u00bb _builder_version=\u00bb4.27.4&#8243; _module_preset=\u00bbdefault\u00bb custom_padding=\u00bb||50px||false|false\u00bb locked=\u00bboff\u00bb global_colors_info=\u00bb{}\u00bb][et_pb_column type=\u00bb1_2&#8243; _builder_version=\u00bb4.27.4&#8243; _module_preset=\u00bbdefault\u00bb global_colors_info=\u00bb{}\u00bb][et_pb_image src=\u00bbhttps:\/\/fsac.cat\/wp-content\/uploads\/2025\/08\/1546787087-scaled.jpg\u00bb title_text=\u00bb1546787087&#8243; _builder_version=\u00bb4.27.4&#8243; _module_preset=\u00bbdefault\u00bb global_colors_info=\u00bb{}\u00bb][\/et_pb_image][\/et_pb_column][et_pb_column type=\u00bb1_2&#8243; _builder_version=\u00bb4.27.4&#8243; _module_preset=\u00bbdefault\u00bb global_colors_info=\u00bb{}\u00bb][et_pb_text _builder_version=\u00bb4.27.4&#8243; _module_preset=\u00bbdefault\u00bb header_3_font_size=\u00bb36px\u00bb custom_padding=\u00bb40px||||false|false\u00bb global_colors_info=\u00bb{}\u00bb]<\/p>\n<h3>Donaciones<\/h3>\n<p>[\/et_pb_text][et_pb_text _builder_version=\u00bb4.27.4&#8243; _module_preset=\u00bbdefault\u00bb text_font_size=\u00bb20px\u00bb global_colors_info=\u00bb{}\u00bb]<\/p>\n<p>Nuestro proyecto es pionero y est\u00e1 en desarrollo constante. Tenemos la convicci\u00f3n firme de que se convierta en un ejemplo que provoque <strong>un cambio en el modelo de atenci\u00f3n a las personas mayores y dependientes<\/strong> .   <\/p>\n<p>Si quieres ser parte de este motor de cambio, plant\u00e9ate una donaci\u00f3n.<\/p>\n<p>Adem\u00e1s, tu donaci\u00f3n tiene premio.  <\/p>\n<p>&nbsp;<\/p>\n<p>[\/et_pb_text][\/et_pb_column][\/et_pb_row][et_pb_row column_structure=\u00bb1_2,1_2&#8243; use_custom_gutter=\u00bbon\u00bb gutter_width=\u00bb1&#8243; admin_label=\u00bbDestacados\u00bb _builder_version=\u00bb4.27.4&#8243; _module_preset=\u00bbdefault\u00bb background_enable_color=\u00bboff\u00bb transform_translate_linked=\u00bboff\u00bb background_color_phone=\u00bbRGBA(255,255,255,0)\u00bb background_last_edited=\u00bbon|phone\u00bb background_enable_color_phone=\u00bbon\u00bb locked=\u00bboff\u00bb global_colors_info=\u00bb{}\u00bb][et_pb_column type=\u00bb1_2&#8243; module_class=\u00bbcustom-shadow-column\u00bb _builder_version=\u00bb4.27.4&#8243; _module_preset=\u00bbdefault\u00bb background_color=\u00bb#FFFFFF\u00bb background_enable_color=\u00bbon\u00bb box_shadow_style=\u00bbpreset3&#8243; box_shadow_horizontal_tablet=\u00bb\u00bb box_shadow_horizontal_phone=\u00bb0px\u00bb box_shadow_horizontal_last_edited=\u00bbon|phone\u00bb box_shadow_vertical_tablet=\u00bb\u00bb box_shadow_vertical_phone=\u00bb\u00bb box_shadow_vertical_last_edited=\u00bbon|phone\u00bb box_shadow_position_phone=\u00bbouter\u00bb box_shadow_position_last_edited=\u00bboff|phone\u00bb global_colors_info=\u00bb{}\u00bb background__hover_enabled=\u00bbon|hover\u00bb background_color__hover=\u00bb#ebdd75&#8243; background_enable_color__hover=\u00bbon\u00bb][et_pb_blurb title=\u00bbPersonas f\u00edsicas\u00bb use_icon=\u00bbon\u00bb font_icon=\u00bb&#xf4fc;||fa||900&#8243; icon_color=\u00bb#FDFCF1&#8243; image_icon_background_color=\u00bb#C5D830&#8243; image_icon_width=\u00bb30px\u00bb icon_alignment=\u00bbleft\u00bb _builder_version=\u00bb4.27.4&#8243; _module_preset=\u00bbdefault\u00bb header_level=\u00bbh3&#8243; header_text_color=\u00bb#000000&#8243; header_font_size=\u00bb24px\u00bb header_line_height=\u00bb1.2em\u00bb image_icon_custom_padding=\u00bb15px|15px|15px|15px|true|true\u00bb custom_padding=\u00bb50px|50px|50px|50px|true|true\u00bb border_radii_image=\u00bbon|99px|99px|99px|99px\u00bb global_colors_info=\u00bb{}\u00bb]<\/p>\n<p>Tu aportaci\u00f3n econ\u00f3mica goza de importantes beneficios fiscales.<\/p>\n<p>Para personas f\u00edsicas, se desgraba un 75% del IRPF si se ha realizado una aportaci\u00f3n de hasta 150 euros a una fundaci\u00f3n. Si la donaci\u00f3n supera esta cifra, la deducci\u00f3n ser\u00e1 del 30% o, en caso de que las donaciones hayan aumentado en los \u00faltimos dos a\u00f1os, del 35%. <\/p>\n<p>&nbsp;<\/p>\n<p>[\/et_pb_blurb][\/et_pb_column][et_pb_column type=\u00bb1_2&#8243; module_class=\u00bbcustom-shadow-column\u00bb _builder_version=\u00bb4.27.4&#8243; _module_preset=\u00bbdefault\u00bb background_color=\u00bb#FFFFFF\u00bb background_enable_color=\u00bbon\u00bb box_shadow_style=\u00bbpreset3&#8243; global_colors_info=\u00bb{}\u00bb background__hover_enabled=\u00bbon|hover\u00bb background_color__hover=\u00bb#ebdd75&#8243; background_enable_color__hover=\u00bbon\u00bb][et_pb_blurb title=\u00bbPersonas jur\u00eddicas\u00bb use_icon=\u00bbon\u00bb font_icon=\u00bb&#xf0b1;||fa||900&#8243; icon_color=\u00bb#FDFCF1&#8243; image_icon_background_color=\u00bb#C5D830&#8243; image_icon_width=\u00bb30px\u00bb icon_alignment=\u00bbleft\u00bb _builder_version=\u00bb4.27.4&#8243; _module_preset=\u00bbdefault\u00bb header_level=\u00bbh3&#8243; header_text_color=\u00bb#000000&#8243; header_font_size=\u00bb24px\u00bb header_line_height=\u00bb1.2em\u00bb image_icon_custom_padding=\u00bb15px|15px|15px|15px|true|true\u00bb custom_padding=\u00bb50px|50px|50px|50px|true|true\u00bb border_radii_image=\u00bbon|99px|99px|99px|99px\u00bb global_colors_info=\u00bb{}\u00bb]<\/p>\n<p>Cuando quien hace la donaci\u00f3n es una persona jur\u00eddica acogida a la ley 49\/2002 y se hace la aportaci\u00f3n a una fundaci\u00f3n o asociaci\u00f3n declarada de utilidad p\u00fablica, los donativos ser\u00e1n desgravables en la declaraci\u00f3n del Impuesto de Sociedades de la entidad o empresa realizada por la aportaci\u00f3n. La deducci\u00f3n es del 35% y asciende al 40% si la cantidad dada que se declara ha aumentado en los dos \u00faltimos a\u00f1os. <\/p>\n<p>&nbsp;<\/p>\n<p>[\/et_pb_blurb][\/et_pb_column][\/et_pb_row][et_pb_row _builder_version=\u00bb4.27.4&#8243; _module_preset=\u00bbdefault\u00bb][et_pb_column type=\u00bb4_4&#8243; _builder_version=\u00bb4.27.4&#8243; _module_preset=\u00bbdefault\u00bb global_colors_info=\u00bb{}\u00bb][et_pb_text _builder_version=\u00bb4.27.4&#8243; _module_preset=\u00bbdefault\u00bb global_colors_info=\u00bb{}\u00bb]<\/p>\n<p style=\"text-align: center;\">Cuando una entidad acogida a la Ley 49\/2002 recibe una donaci\u00f3n, debe expedir un certificado para que el donativo sea desgravable. La entidad beneficiaria deber\u00e1 remitir a la Agencia Tributaria la informaci\u00f3n sobre los certificados expedidos, mediante el modelo 182. Si es su caso, nosotros le enviaremos el certificado correspondiente.  <\/p>\n<p>[\/et_pb_text][\/et_pb_column][\/et_pb_row][\/et_pb_section][et_pb_section fb_built=\u00bb1&#8243; module_class=\u00bbcta\u00bb _builder_version=\u00bb4.27.4&#8243; _module_preset=\u00bbdefault\u00bb background_color=\u00bbgcid-secondary-color\u00bb custom_margin=\u00bb||-1px||false|false\u00bb custom_padding=\u00bb25px||25px||false|false\u00bb global_colors_info=\u00bb{%22gcid-secondary-color%22:%91%22background_color%22%93}\u00bb][et_pb_row column_structure=\u00bb2_3,1_3&#8243; _builder_version=\u00bb4.27.4&#8243; _module_preset=\u00bbdefault\u00bb][et_pb_column type=\u00bb2_3&#8243; _builder_version=\u00bb4.27.4&#8243; _module_preset=\u00bbdefault\u00bb global_colors_info=\u00bb{}\u00bb][et_pb_text _builder_version=\u00bb4.27.4&#8243; _module_preset=\u00bbdefault\u00bb text_font=\u00bb&#8211;et_global_heading_font||||||||\u00bb text_text_color=\u00bb#FFFFFF\u00bb text_font_size=\u00bb32px\u00bb text_line_height=\u00bb1.4em\u00bb width=\u00bb80%\u00bb global_colors_info=\u00bb{}\u00bb]<\/p>\n<p>\u00bfQuieres contribuir a este proyecto y aportar tu grano de arena por la sociedad? Plant\u00e9ate hacer una donaci\u00f3n <\/p>\n<p>[\/et_pb_text][\/et_pb_column][et_pb_column type=\u00bb1_3&#8243; _builder_version=\u00bb4.27.4&#8243; _module_preset=\u00bbdefault\u00bb custom_css_main_element=\u00bbmargin: auto;\u00bb global_colors_info=\u00bb{}\u00bb][et_pb_button button_url=\u00bb@ET-DC@eyJkeW5hbWljIjp0cnVlLCJjb250ZW50IjoicG9zdF9saW5rX3VybF9wYWdlIiwic2V0dGluZ3MiOnsicG9zdF9pZCI6IjI1OTYifX0=@\u00bb button_text=\u00bbCont\u00e1ctanos\u00bb _builder_version=\u00bb4.27.5&#8243; _dynamic_attributes=\u00bbbutton_url\u00bb _module_preset=\u00bbdefault\u00bb hover_enabled=\u00bb0&#8243; global_colors_info=\u00bb{}\u00bb sticky_enabled=\u00bb0&#8243;][\/et_pb_button][\/et_pb_column][\/et_pb_row][\/et_pb_section][et_pb_section fb_built=\u00bb1&#8243; _builder_version=\u00bb4.27.4&#8243; _module_preset=\u00bbdefault\u00bb background_color=\u00bb#fdfcf1&#8243; locked=\u00bboff\u00bb global_colors_info=\u00bb{}\u00bb][et_pb_row column_structure=\u00bb1_2,1_2&#8243; disabled_on=\u00bboff|off|off\u00bb _builder_version=\u00bb4.27.4&#8243; _module_preset=\u00bbdefault\u00bb custom_padding=\u00bb||50px||false|false\u00bb locked=\u00bboff\u00bb global_colors_info=\u00bb{}\u00bb][et_pb_column type=\u00bb1_2&#8243; _builder_version=\u00bb4.27.4&#8243; _module_preset=\u00bbdefault\u00bb global_colors_info=\u00bb{}\u00bb][et_pb_image src=\u00bbhttps:\/\/fsac.cat\/wp-content\/uploads\/2025\/09\/1579785880-scaled.jpg\u00bb title_text=\u00bb1579785880&#8243; _builder_version=\u00bb4.27.4&#8243; _module_preset=\u00bbdefault\u00bb global_colors_info=\u00bb{}\u00bb][\/et_pb_image][\/et_pb_column][et_pb_column type=\u00bb1_2&#8243; _builder_version=\u00bb4.27.4&#8243; _module_preset=\u00bbdefault\u00bb global_colors_info=\u00bb{}\u00bb][et_pb_text _builder_version=\u00bb4.27.4&#8243; _module_preset=\u00bbdefault\u00bb header_3_font_size=\u00bb36px\u00bb custom_padding=\u00bb40px||||false|false\u00bb global_colors_info=\u00bb{}\u00bb]<\/p>\n<h3>Voluntariado<\/h3>\n<p>[\/et_pb_text][et_pb_text _builder_version=\u00bb4.27.4&#8243; _module_preset=\u00bbdefault\u00bb text_font_size=\u00bb20px\u00bb global_colors_info=\u00bb{}\u00bb]<\/p>\n<p>En nuestro pa\u00eds es de gran importancia poder ayudar a las personas a cumplir sus prop\u00f3sitos y deseos para sacar adelante sus proyectos de vida. En la casa son 54 personas las que viven, por eso siempre <strong>estamos contentos de poder tener personas voluntarias que nos ayuden y nos den una mano<\/strong> para llevar a cabo estas actividades que hacen que las personas de la casa puedan disfrutar, salir y relacionarse con su entorno m\u00e1s comunitario. <\/p>\n<p>Tu voluntariado puede marcar la diferencia para muchas personas de Ginesta. Las personas voluntarias <strong>no desarrollan tareas asistenciales, sino que establecen v\u00ednculos de amistad<\/strong> mediante un tiempo de ocio compartido en el que conversaciones, paseos, juegos, an\u00e9cdotas son la excusa perfecta para conocerse y enriquecerse mutuamente. Las principales opciones de voluntariado que te proponemos son:  <\/p>\n<p>[\/et_pb_text][\/et_pb_column][\/et_pb_row][et_pb_row column_structure=\u00bb1_2,1_2&#8243; use_custom_gutter=\u00bbon\u00bb gutter_width=\u00bb1&#8243; admin_label=\u00bbDestacados\u00bb _builder_version=\u00bb4.27.4&#8243; _module_preset=\u00bbdefault\u00bb background_enable_color=\u00bboff\u00bb transform_translate_linked=\u00bboff\u00bb background_color_phone=\u00bbRGBA(255,255,255,0)\u00bb background_last_edited=\u00bbon|phone\u00bb background_enable_color_phone=\u00bbon\u00bb locked=\u00bboff\u00bb global_colors_info=\u00bb{}\u00bb][et_pb_column type=\u00bb1_2&#8243; module_class=\u00bbcustom-shadow-column\u00bb _builder_version=\u00bb4.27.4&#8243; _module_preset=\u00bbdefault\u00bb background_color=\u00bb#FFFFFF\u00bb background_enable_color=\u00bbon\u00bb box_shadow_style=\u00bbpreset3&#8243; box_shadow_horizontal_tablet=\u00bb\u00bb box_shadow_horizontal_phone=\u00bb0px\u00bb box_shadow_horizontal_last_edited=\u00bbon|phone\u00bb box_shadow_vertical_tablet=\u00bb\u00bb box_shadow_vertical_phone=\u00bb\u00bb box_shadow_vertical_last_edited=\u00bbon|phone\u00bb box_shadow_position_phone=\u00bbouter\u00bb box_shadow_position_last_edited=\u00bboff|phone\u00bb global_colors_info=\u00bb{}\u00bb background__hover_enabled=\u00bbon|hover\u00bb background_color__hover=\u00bb#ebdd75&#8243; background_enable_color__hover=\u00bbon\u00bb][et_pb_blurb title=\u00bbActividades\u00bb use_icon=\u00bbon\u00bb font_icon=\u00bb&#xf598;||fa||400&#8243; icon_color=\u00bb#FDFCF1&#8243; image_icon_background_color=\u00bb#C5D830&#8243; image_icon_width=\u00bb30px\u00bb icon_alignment=\u00bbleft\u00bb _builder_version=\u00bb4.27.4&#8243; _module_preset=\u00bbdefault\u00bb header_level=\u00bbh3&#8243; header_text_color=\u00bb#000000&#8243; header_font_size=\u00bb24px\u00bb header_line_height=\u00bb1.2em\u00bb image_icon_custom_padding=\u00bb15px|15px|15px|15px|true|true\u00bb custom_padding=\u00bb50px|50px|50px|50px|true|true\u00bb border_radii_image=\u00bbon|99px|99px|99px|99px\u00bb global_colors_info=\u00bb{}\u00bb]<\/p>\n<ul>\n<li><strong>Acompa\u00f1ar emocionalmente<\/strong> a las personas que habitualmente no reciben visitas en el centro.<\/li>\n<li><strong>Participar en el desarrollo<\/strong> de las actividades de socializaci\u00f3n y salidas al entorno comunitario<\/li>\n<li><strong>Acompa\u00f1ar a visitas m\u00e9dicas<\/strong> o consultas a personas que carecen de apoyo familiar<\/li>\n<\/ul>\n<p>&nbsp;<\/p>\n<p>[\/et_pb_blurb][\/et_pb_column][et_pb_column type=\u00bb1_2&#8243; module_class=\u00bbcustom-shadow-column\u00bb _builder_version=\u00bb4.27.4&#8243; _module_preset=\u00bbdefault\u00bb background_color=\u00bb#FFFFFF\u00bb background_enable_color=\u00bbon\u00bb custom_padding_tablet=\u00bb\u00bb custom_padding_phone=\u00bb||50px||false|false\u00bb custom_padding_last_edited=\u00bbon|phone\u00bb box_shadow_style=\u00bbpreset3&#8243; global_colors_info=\u00bb{}\u00bb background__hover_enabled=\u00bbon|hover\u00bb background_color__hover=\u00bb#ebdd75&#8243; background_enable_color__hover=\u00bbon\u00bb][et_pb_blurb title=\u00bbQuieres saber m\u00e1s\u00bb use_icon=\u00bbon\u00bb font_icon=\u00bb&#xf4c4;||fa||900&#8243; icon_color=\u00bb#FDFCF1&#8243; image_icon_background_color=\u00bb#C5D830&#8243; image_icon_width=\u00bb30px\u00bb icon_alignment=\u00bbleft\u00bb _builder_version=\u00bb4.27.4&#8243; _module_preset=\u00bbdefault\u00bb header_level=\u00bbh3&#8243; header_text_color=\u00bb#000000&#8243; header_font_size=\u00bb24px\u00bb header_line_height=\u00bb1.2em\u00bb image_icon_custom_padding=\u00bb15px|15px|15px|15px|true|true\u00bb custom_padding=\u00bb50px|50px|50px|50px|true|true\u00bb border_radii_image=\u00bbon|99px|99px|99px|99px\u00bb global_colors_info=\u00bb{}\u00bb]<\/p>\n<p>Te invitamos a contactar con nosotros para concertar una visita y poder ense\u00f1ar de primera mano nuestra tarea para que puedas decidir con todo el coraz\u00f3n.  <\/p>\n<p>[\/et_pb_blurb][et_pb_button button_url=\u00bb@ET-DC@eyJkeW5hbWljIjp0cnVlLCJjb250ZW50IjoicG9zdF9saW5rX3VybF9wYWdlIiwic2V0dGluZ3MiOnsicG9zdF9pZCI6IjEwMjgifX0=@\u00bb button_text=\u00bbCont\u00e1ctanos\u00bb button_alignment=\u00bbcenter\u00bb _builder_version=\u00bb4.27.4&#8243; _dynamic_attributes=\u00bbbutton_url\u00bb _module_preset=\u00bbdefault\u00bb custom_padding=\u00bb||||false|false\u00bb global_colors_info=\u00bb{}\u00bb][\/et_pb_button][\/et_pb_column][\/et_pb_row][\/et_pb_section][et_pb_section fb_built=\u00bb1&#8243; module_class=\u00bbcta\u00bb _builder_version=\u00bb4.27.4&#8243; _module_preset=\u00bbdefault\u00bb background_color=\u00bbgcid-secondary-color\u00bb custom_margin=\u00bb||||false|false\u00bb custom_padding=\u00bb25px||100px||false|false\u00bb global_module=\u00bb727&#8243; locked=\u00bboff\u00bb global_colors_info=\u00bb{%22gcid-secondary-color%22:%91%22background_color%22%93}\u00bb][et_pb_row column_structure=\u00bb2_3,1_3&#8243; _builder_version=\u00bb4.27.4&#8243; _module_preset=\u00bbdefault\u00bb global_colors_info=\u00bb{}\u00bb][et_pb_column type=\u00bb2_3&#8243; _builder_version=\u00bb4.27.4&#8243; _module_preset=\u00bbdefault\u00bb global_colors_info=\u00bb{}\u00bb][et_pb_text _builder_version=\u00bb4.27.4&#8243; _module_preset=\u00bbdefault\u00bb text_font=\u00bb&#8211;et_global_heading_font||||||||\u00bb text_text_color=\u00bb#FFFFFF\u00bb text_font_size=\u00bb32px\u00bb text_line_height=\u00bb1.4em\u00bb width=\u00bb80%\u00bb custom_margin=\u00bb||15px||false|false\u00bb custom_padding=\u00bb||0px||false|false\u00bb global_colors_info=\u00bb{}\u00bb]<\/p>\n<p>\u00bfQuieres ver el detalle de todo lo que te hemos contado?<\/p>\n<p>[\/et_pb_text][et_pb_text _builder_version=\u00bb4.27.4&#8243; _module_preset=\u00bbdefault\u00bb text_font=\u00bb&#8211;et_global_body_font||||||||\u00bb text_text_color=\u00bb#FFFFFF\u00bb text_font_size=\u00bb20px\u00bb text_line_height=\u00bb1.4em\u00bb width=\u00bb80%\u00bb global_colors_info=\u00bb{}\u00bb]<\/p>\n<p>Visita nuestra \u00e1rea de transparencia y encontrar\u00e1s el plan de formaci\u00f3n, el organigrama completo y muchas otras informaciones que ponemos a su alcance.  <\/p>\n<p>[\/et_pb_text][\/et_pb_column][et_pb_column type=\u00bb1_3&#8243; _builder_version=\u00bb4.27.4&#8243; _module_preset=\u00bbdefault\u00bb global_colors_info=\u00bb{}\u00bb][et_pb_button button_text=\u00bb\u00c1REA DE TRANSPARENCIA\u00bb button_alignment=\u00bbright\u00bb button_alignment_tablet=\u00bb\u00bb button_alignment_phone=\u00bbleft\u00bb button_alignment_last_edited=\u00bbon|phone\u00bb _builder_version=\u00bb4.27.4&#8243; _module_preset=\u00bbdefault\u00bb global_colors_info=\u00bb{}\u00bb][\/et_pb_button][\/et_pb_column][\/et_pb_row][\/et_pb_section]<\/p>\n","protected":false},"excerpt":{"rendered":"<p>\u00bfQuieres contribuir a nuestro prop\u00f3sito? Colabora con nosotrosVoluntariado y donacionesLas dos f\u00f3rmulas que ponemos a tu alcance para contribuir a nuestra visi\u00f3n \u201cPromover una mejora y adecuaci\u00f3n de los servicios [&hellip;]<\/p>\n","protected":false},"author":1,"featured_media":0,"parent":0,"menu_order":0,"comment_status":"closed","ping_status":"closed","template":"","meta":{"_et_pb_use_builder":"on","_et_pb_old_content":"","_et_gb_content_width":"","footnotes":""},"class_list":["post-2596","page","type-page","status-publish","hentry"],"_links":{"self":[{"href":"https:\/\/fsac.cat\/es\/wp-json\/wp\/v2\/pages\/2596","targetHints":{"allow":["GET"]}}],"collection":[{"href":"https:\/\/fsac.cat\/es\/wp-json\/wp\/v2\/pages"}],"about":[{"href":"https:\/\/fsac.cat\/es\/wp-json\/wp\/v2\/types\/page"}],"author":[{"embeddable":true,"href":"https:\/\/fsac.cat\/es\/wp-json\/wp\/v2\/users\/1"}],"replies":[{"embeddable":true,"href":"https:\/\/fsac.cat\/es\/wp-json\/wp\/v2\/comments?post=2596"}],"version-history":[{"count":3,"href":"https:\/\/fsac.cat\/es\/wp-json\/wp\/v2\/pages\/2596\/revisions"}],"predecessor-version":[{"id":3179,"href":"https:\/\/fsac.cat\/es\/wp-json\/wp\/v2\/pages\/2596\/revisions\/3179"}],"wp:attachment":[{"href":"https:\/\/fsac.cat\/es\/wp-json\/wp\/v2\/media?parent=2596"}],"curies":[{"name":"wp","href":"https:\/\/api.w.org\/{rel}","templated":true}]}}