{"id":2765,"date":"2025-08-21T08:36:54","date_gmt":"2025-08-21T08:36:54","guid":{"rendered":"https:\/\/fsac.cat\/agenda-de-actividades\/"},"modified":"2026-03-11T08:09:38","modified_gmt":"2026-03-11T08:09:38","slug":"agenda-de-actividades","status":"publish","type":"page","link":"https:\/\/fsac.cat\/es\/agenda-de-actividades\/","title":{"rendered":"Agenda de actividades"},"content":{"rendered":"<p>[et_pb_section fb_built=\u00bb1&#8243; _builder_version=\u00bb4.27.4&#8243; _module_preset=\u00bbdefault\u00bb background_color=\u00bb#006B3B\u00bb locked=\u00bboff\u00bb global_colors_info=\u00bb{}\u00bb][et_pb_row _builder_version=\u00bb4.27.4&#8243; _module_preset=\u00bbdefault\u00bb global_colors_info=\u00bb{}\u00bb][et_pb_column type=\u00bb4_4&#8243; _builder_version=\u00bb4.27.4&#8243; _module_preset=\u00bbdefault\u00bb global_colors_info=\u00bb{}\u00bb][et_pb_post_title meta=\u00bboff\u00bb featured_image=\u00bboff\u00bb text_color=\u00bblight\u00bb _builder_version=\u00bb4.27.4&#8243; _module_preset=\u00bbdefault\u00bb title_font_size=\u00bb60px\u00bb title_font_size_tablet=\u00bb60px\u00bb title_font_size_phone=\u00bb36px\u00bb title_font_size_last_edited=\u00bbon|phone\u00bb global_colors_info=\u00bb{}\u00bb][\/et_pb_post_title][\/et_pb_column][\/et_pb_row][\/et_pb_section][et_pb_section fb_built=\u00bb1&#8243; disabled_on=\u00bbon|on|on\u00bb module_id=\u00bbhero\u00bb _builder_version=\u00bb4.27.4&#8243; _module_preset=\u00bbdefault\u00bb background_color=\u00bbrgba(0,0,0,0.5)\u00bb background_image=\u00bbhttps:\/\/fsac.cat\/wp-content\/uploads\/2025\/07\/1538298892.jpg\u00bb background_blend=\u00bbdarken\u00bb min_height=\u00bb500px\u00bb custom_padding=\u00bb||||false|false\u00bb custom_css_main_element=\u00bbdisplay: flex;||    flex-direction: column;||    justify-content: center;\u00bb disabled=\u00bbon\u00bb locked=\u00bboff\u00bb global_colors_info=\u00bb{}\u00bb][et_pb_row custom_padding_last_edited=\u00bbon|phone\u00bb _builder_version=\u00bb4.27.4&#8243; _module_preset=\u00bbdefault\u00bb module_alignment=\u00bbcenter\u00bb custom_padding=\u00bb|15%|||false|false\u00bb custom_padding_tablet=\u00bb|5%|||false|false\u00bb custom_padding_phone=\u00bb\u00bb global_colors_info=\u00bb{}\u00bb][et_pb_column type=\u00bb4_4&#8243; _builder_version=\u00bb4.27.4&#8243; _module_preset=\u00bbdefault\u00bb global_colors_info=\u00bb{}\u00bb][et_pb_text _builder_version=\u00bb4.27.4&#8243; _module_preset=\u00bbdefault\u00bb global_colors_info=\u00bb{}\u00bb]<\/p>\n<h1>Planificaci\u00f3n<\/h1>\n<h2>Agenda de actividades<\/h2>\n<p>[\/et_pb_text][\/et_pb_column][\/et_pb_row][\/et_pb_section][et_pb_section fb_built=\u00bb1&#8243; _builder_version=\u00bb4.27.4&#8243; _module_preset=\u00bbdefault\u00bb global_colors_info=\u00bb{}\u00bb][et_pb_row column_structure=\u00bb3_4,1_4&#8243; _builder_version=\u00bb4.27.4&#8243; _module_preset=\u00bbdefault\u00bb][et_pb_column type=\u00bb3_4&#8243; _builder_version=\u00bb4.27.4&#8243; _module_preset=\u00bbdefault\u00bb global_colors_info=\u00bb{}\u00bb][et_pb_code _builder_version=\u00bb4.27.4&#8243; _module_preset=\u00bbdefault\u00bb global_colors_info=\u00bb{}\u00bb]<\/p>\n<style scoped=\"\"> iframe[data-tec-events-ece-iframe=\"true\"] { width: 100%; height: calc( 100vw + 100px ); max-width: 100%; } @media screen and (min-width: 600px) { iframe[data-tec-events-ece-iframe=\"true\"] { height: 100vw; } } @media screen and (min-width: 853px) { iframe[data-tec-events-ece-iframe=\"true\"] { height: 1065px; } } <\/style>\n<p> <iframe data-tec-events-ece-iframe=\"true\" src=\"https:\/\/fsac.cat\/calendar-embed\/RT0xjw1Hpup\/embed\/\" frameborder=\"0\"><\/iframe>[\/et_pb_code][ecmd_events_layouts layout_style=\u00bbstyle2&#8243; posts_number=\u00bb4&#8243; date_formats=\u00bbMdl\u00bb show_date_highlight=\u00bboff\u00bb find_out_more=\u00bbDescobreix-ho\u00bb show_venue=\u00bboff\u00bb show_cost=\u00bboff\u00bb show_category=\u00bboff\u00bb find_more_backgroud_color=\u00bb#006B3B\u00bb find_more_border_color=\u00bbRGBA(255,255,255,0)\u00bb find_more_border_radius=\u00bb0px\u00bb module_class=\u00bbagenda\u00bb _builder_version=\u00bb4.27.5&#8243; _module_preset=\u00bbdefault\u00bb title_text_color=\u00bb#000000&#8243; date_text_color=\u00bb#006B3B\u00bb find_out_more_text_color=\u00bb#FDFCF1&#8243; hover_enabled=\u00bb0&#8243; title_text_color_last_edited=\u00bboff|desktop\u00bb custom_css_free_form=\u00bb.agenda .ecmd-list-post.style2 .ecmd-list-post-left .ecmd-list-img img {||    object-fit: cover;||    width: 150px;||    height: 150px;||    border-radius: 6px;||    transition-duration: .7s;||}||||||.ecmd-list-post.style2 .ecmd-list-post-left .ecmd-list-img {||    width: 150px;||    height: 150px;||    overflow: hidden;||    border-radius: 6px;||}||||.ecmd-list-post.style2 .ecmd-events-readmore .ecmd-event-readmore:hover {||    background-color: #006b3ba6;||}\u00bb border_radii_style_layout=\u00bbon|0px|0px|0px|0px\u00bb locked=\u00bboff\u00bb global_colors_info=\u00bb{}\u00bb title_text_color__hover_enabled=\u00bbon|hover\u00bb title_text_color__hover=\u00bb#000000&#8243; alt=\u00bbVista de la casa de la Resid\u00e8ncia La Ginesta de Castellcir\u00bb title_text=\u00bbcasa (3)\u00bb default_image=\u00bbhttps:\/\/fsac.cat\/wp-content\/uploads\/2025\/06\/casa-3.jpg\u00bb sticky_enabled=\u00bb0&#8243;][\/ecmd_events_layouts][\/et_pb_column][et_pb_column type=\u00bb1_4&#8243; _builder_version=\u00bb4.27.4&#8243; _module_preset=\u00bbdefault\u00bb custom_padding=\u00bb||||false|true\u00bb global_colors_info=\u00bb{}\u00bb][et_pb_text _builder_version=\u00bb4.27.5&#8243; _module_preset=\u00bbdefault\u00bb text_font_size=\u00bb20px\u00bb link_text_color=\u00bb#006B3B\u00bb header_3_font_size=\u00bb36px\u00bb header_3_line_height=\u00bb1.4em\u00bb header_6_font_size=\u00bb36px\u00bb header_6_line_height=\u00bb1.4em\u00bb background_color=\u00bb#FDFCF1&#8243; custom_padding=\u00bb20px|20px|20px|20px|true|true\u00bb header_3_font_size_tablet=\u00bb30px\u00bb header_3_font_size_phone=\u00bb24px\u00bb header_3_font_size_last_edited=\u00bbon|desktop\u00bb global_colors_info=\u00bb{}\u00bb]<\/p>\n<p>En la agenda encontrar\u00e1 las actividades de temporada o que requieren cierta complejidad de organizaci\u00f3n, pero hacemos muchas m\u00e1s semanalmente como bingo, parchis, baile, etc\u2026 , que no aparecen. Puede ver m\u00e1s detalles en la p\u00e1gina <a href=\"https:\/\/fsac.cat\/es\/servicios-y-actividades\/\">Servicios y Actividades<\/a> <\/p>\n<p>Puedes ver nuestro blog con las actividades realizadas.<\/p>\n<p>[\/et_pb_text][et_pb_text admin_label=\u00bbText\u00bb _builder_version=\u00bb4.27.5&#8243; _module_preset=\u00bbdefault\u00bb text_text_color=\u00bb#FFFFFF\u00bb text_font_size=\u00bb20px\u00bb link_text_color=\u00bb#FFFFFF\u00bb header_3_font_size=\u00bb36px\u00bb header_3_line_height=\u00bb1.4em\u00bb header_6_font_size=\u00bb36px\u00bb header_6_line_height=\u00bb1.4em\u00bb background_color=\u00bb#006B3B\u00bb custom_padding=\u00bb20px|20px|20px|20px|true|true\u00bb link_option_url=\u00bbmailto:xxx@fsac.org\u00bb header_3_font_size_tablet=\u00bb30px\u00bb header_3_font_size_phone=\u00bb24px\u00bb header_3_font_size_last_edited=\u00bbon|desktop\u00bb global_colors_info=\u00bb{}\u00bb background__hover_enabled=\u00bbon|desktop\u00bb background_color__hover=\u00bb#F7F2CB\u00bb background_enable_color__hover=\u00bbon\u00bb text_text_color__hover_enabled=\u00bbon|hover\u00bb text_text_color__hover=\u00bb#000000&#8243; link_text_color__hover_enabled=\u00bbon|hover\u00bb link_text_color__hover=\u00bb#006B3B\u00bb]<\/p>\n<p>Si desea asistir a cualquiera de las actividades acompa\u00f1ando a un\/a residente, h\u00e1ganoslo saber a educadora@fsac.org<\/p>\n<p>[\/et_pb_text][\/et_pb_column][\/et_pb_row][\/et_pb_section]<\/p>\n","protected":false},"excerpt":{"rendered":"<p>Planificaci\u00f3n Agenda de actividades<div class=\"et_pb_module ecmd_events_layouts ecmd_events_layouts_0 \u00bbagenda\u00bb\">\n\t\t\t\t\n\t\t\t\t\n\t\t\t\t\n\t\t\t\t\n\t\t\t\t\n\t\t\t\t\n\t\t\t\t<div class=\"et_pb_module_inner\">\n\t\t\t\t\t<div id=\"ecmd-main-wrapper\" Class=\"ecmd-module ecmd-event-main-wrapper\"><p>No se han encontrado eventos.<\/p><\/div>\n\t\t\t\t<\/div>\n\t\t\t<\/div><\/p>\n","protected":false},"author":1,"featured_media":0,"parent":0,"menu_order":0,"comment_status":"closed","ping_status":"closed","template":"","meta":{"_et_pb_use_builder":"on","_et_pb_old_content":"","_et_gb_content_width":"","footnotes":""},"class_list":["post-2765","page","type-page","status-publish","hentry"],"_links":{"self":[{"href":"https:\/\/fsac.cat\/es\/wp-json\/wp\/v2\/pages\/2765","targetHints":{"allow":["GET"]}}],"collection":[{"href":"https:\/\/fsac.cat\/es\/wp-json\/wp\/v2\/pages"}],"about":[{"href":"https:\/\/fsac.cat\/es\/wp-json\/wp\/v2\/types\/page"}],"author":[{"embeddable":true,"href":"https:\/\/fsac.cat\/es\/wp-json\/wp\/v2\/users\/1"}],"replies":[{"embeddable":true,"href":"https:\/\/fsac.cat\/es\/wp-json\/wp\/v2\/comments?post=2765"}],"version-history":[{"count":23,"href":"https:\/\/fsac.cat\/es\/wp-json\/wp\/v2\/pages\/2765\/revisions"}],"predecessor-version":[{"id":3594,"href":"https:\/\/fsac.cat\/es\/wp-json\/wp\/v2\/pages\/2765\/revisions\/3594"}],"wp:attachment":[{"href":"https:\/\/fsac.cat\/es\/wp-json\/wp\/v2\/media?parent=2765"}],"curies":[{"name":"wp","href":"https:\/\/api.w.org\/{rel}","templated":true}]}}