{"id":2826,"date":"2025-07-02T15:50:23","date_gmt":"2025-07-02T15:50:23","guid":{"rendered":"https:\/\/fsac.cat\/transparencia\/"},"modified":"2026-03-09T09:35:00","modified_gmt":"2026-03-09T09:35:00","slug":"transparencia","status":"publish","type":"page","link":"https:\/\/fsac.cat\/es\/transparencia\/","title":{"rendered":"Transparencia"},"content":{"rendered":"<p>[et_pb_section fb_built=\u00bb1&#8243; module_id=\u00bbhero\u00bb _builder_version=\u00bb4.27.4&#8243; _module_preset=\u00bbdefault\u00bb background_color=\u00bbrgba(0,0,0,0.5)\u00bb background_image=\u00bbhttps:\/\/fsac.cat\/wp-content\/uploads\/2025\/08\/h1553432818-scaled.jpg\u00bb background_blend=\u00bbdarken\u00bb min_height=\u00bb650px\u00bb custom_padding=\u00bb||62px||false|false\u00bb custom_css_main_element=\u00bbdisplay: flex;||    flex-direction: column;||    justify-content: center;\u00bb locked=\u00bboff\u00bb global_colors_info=\u00bb{}\u00bb][et_pb_row custom_padding_last_edited=\u00bbon|phone\u00bb _builder_version=\u00bb4.27.4&#8243; _module_preset=\u00bbdefault\u00bb module_alignment=\u00bbcenter\u00bb custom_padding=\u00bb|15%|||false|false\u00bb custom_padding_tablet=\u00bb|5%|||false|false\u00bb custom_padding_phone=\u00bb\u00bb][et_pb_column type=\u00bb4_4&#8243; _builder_version=\u00bb4.27.4&#8243; _module_preset=\u00bbdefault\u00bb global_colors_info=\u00bb{}\u00bb][et_pb_text _builder_version=\u00bb4.27.4&#8243; _module_preset=\u00bbdefault\u00bb width=\u00bb65%\u00bb global_colors_info=\u00bb{}\u00bb]<\/p>\n<h1>Transparencia<\/h1>\n<h2>Todo lo que necesitas saber<\/h2>\n<p>[\/et_pb_text][\/et_pb_column][\/et_pb_row][\/et_pb_section][et_pb_section fb_built=\u00bb1&#8243; _builder_version=\u00bb4.27.4&#8243; _module_preset=\u00bbdefault\u00bb locked=\u00bboff\u00bb global_colors_info=\u00bb{}\u00bb][et_pb_row _builder_version=\u00bb4.27.4&#8243; _module_preset=\u00bbdefault\u00bb width=\u00bb65%\u00bb width_tablet=\u00bb80%\u00bb width_phone=\u00bb80%\u00bb width_last_edited=\u00bbon|phone\u00bb][et_pb_column type=\u00bb4_4&#8243; _builder_version=\u00bb4.27.4&#8243; _module_preset=\u00bbdefault\u00bb global_colors_info=\u00bb{}\u00bb][et_pb_text _builder_version=\u00bb4.27.4&#8243; _module_preset=\u00bbdefault\u00bb header_3_font_size=\u00bb36px\u00bb header_3_line_height=\u00bb1.4em\u00bb header_6_font_size=\u00bb36px\u00bb header_6_line_height=\u00bb1.4em\u00bb text_orientation=\u00bbcenter\u00bb custom_margin=\u00bb||0px||false|false\u00bb custom_padding=\u00bb||0px||false|false\u00bb header_3_font_size_tablet=\u00bb30px\u00bb header_3_font_size_phone=\u00bb24px\u00bb header_3_font_size_last_edited=\u00bbon|desktop\u00bb global_colors_info=\u00bb{}\u00bb]<\/p>\n<h3>En La Ginesta entendemos la transparencia como una forma de ser y de relacionarnos, no s\u00f3lo como un deber legal.<\/h3>\n<p>[\/et_pb_text][et_pb_text _builder_version=\u00bb4.27.4&#8243; _module_preset=\u00bbdefault\u00bb header_3_font_size=\u00bb36px\u00bb header_3_line_height=\u00bb1.4em\u00bb header_6_font_size=\u00bb36px\u00bb header_6_line_height=\u00bb1.4em\u00bb text_orientation=\u00bbcenter\u00bb header_3_font_size_tablet=\u00bb30px\u00bb header_3_font_size_phone=\u00bb24px\u00bb header_3_font_size_last_edited=\u00bbon|desktop\u00bb global_colors_info=\u00bb{}\u00bb]Queremos que cualquier persona -familias, profesionales, entidades, administraciones o ciudadan\u00eda- pueda conocer qui\u00e9nes somos, c\u00f3mo funcionamos y qu\u00e9 hacemos, con claridad y confianza.[\/et_pb_text][\/et_pb_column][\/et_pb_row][et_pb_row column_structure=\u00bb1_2,1_2&#8243; _builder_version=\u00bb4.27.4&#8243; _module_preset=\u00bbdefault\u00bb min_height=\u00bb400px\u00bb min_height_tablet=\u00bb400px\u00bb min_height_phone=\u00bb400px\u00bb min_height_last_edited=\u00bbon|tablet\u00bb custom_padding=\u00bb||||true|false\u00bb][et_pb_column type=\u00bb1_2&#8243; _builder_version=\u00bb4.27.4&#8243; _module_preset=\u00bbdefault\u00bb background_image=\u00bbhttps:\/\/fsac.cat\/wp-content\/uploads\/2025\/08\/1546789299.jpg\u00bb custom_padding_tablet=\u00bb150px||150px||true|false\u00bb custom_padding_phone=\u00bb90px||90px||true|false\u00bb custom_padding_last_edited=\u00bbon|phone\u00bb custom_css_main_element=\u00bb    display: flex;||    flex-direction: column;||    justify-content: center;\u00bb global_colors_info=\u00bb{}\u00bb][\/et_pb_column][et_pb_column type=\u00bb1_2&#8243; _builder_version=\u00bb4.27.4&#8243; _module_preset=\u00bbdefault\u00bb custom_padding=\u00bb30px||30px||true|false\u00bb custom_css_main_element=\u00bb    display: flex;||    flex-direction: column;||    justify-content: center;\u00bb global_colors_info=\u00bb{}\u00bb][et_pb_text _builder_version=\u00bb4.27.4&#8243; _module_preset=\u00bbdefault\u00bb global_colors_info=\u00bb{}\u00bb]<\/p>\n<p data-start=\"516\" data-end=\"795\">Creemos firmemente que la confianza se construye compartiendo la informaci\u00f3n de forma clara y accesible. Por eso, este espacio recoge los documentos que explican <strong data-start=\"676\" data-end=\"794\">nuestra misi\u00f3n, nuestro funcionamiento interno, nuestras l\u00edneas de trabajo y el impacto de nuestra actividad.<\/strong> <\/p>\n<p data-start=\"797\" data-end=\"967\">Con este portal queremos abrir las puertas de La Ginesta: <strong data-start=\"853\" data-end=\"967\">una residencia que se muestra tal y como es, porque trabaja con honestidad, compromiso y vocaci\u00f3n de servicio p\u00fablico.<\/strong><\/p>\n<p>[\/et_pb_text][\/et_pb_column][\/et_pb_row][\/et_pb_section][et_pb_section fb_built=\u00bb1&#8243; _builder_version=\u00bb4.27.4&#8243; _module_preset=\u00bbdefault\u00bb background_color=\u00bb#FDFCF1&#8243; global_colors_info=\u00bb{}\u00bb][et_pb_row column_structure=\u00bb1_2,1_2&#8243; _builder_version=\u00bb4.27.4&#8243; _module_preset=\u00bbdefault\u00bb custom_padding=\u00bb||50px||false|false\u00bb locked=\u00bboff\u00bb][et_pb_column type=\u00bb1_2&#8243; _builder_version=\u00bb4.27.4&#8243; _module_preset=\u00bbdefault\u00bb global_colors_info=\u00bb{}\u00bb][et_pb_text _builder_version=\u00bb4.27.5&#8243; _module_preset=\u00bbdefault\u00bb header_3_font_size=\u00bb36px\u00bb global_colors_info=\u00bb{}\u00bb]<\/p>\n<h3>Desc\u00e0rregues<\/h3>\n<p>[\/et_pb_text][\/et_pb_column][et_pb_column type=\u00bb1_2&#8243; _builder_version=\u00bb4.27.4&#8243; _module_preset=\u00bbdefault\u00bb global_colors_info=\u00bb{}\u00bb][\/et_pb_column][\/et_pb_row][et_pb_row column_structure=\u00bb1_4,1_4,1_4,1_4&#8243; use_custom_gutter=\u00bbon\u00bb _builder_version=\u00bb4.27.4&#8243; _module_preset=\u00bbdefault\u00bb custom_padding=\u00bb0px|0px|50px|0px|false|false\u00bb][et_pb_column type=\u00bb1_4&#8243; _builder_version=\u00bb4.27.4&#8243; _module_preset=\u00bbdefault\u00bb background_color=\u00bb#F7F2CB\u00bb background_enable_color=\u00bbon\u00bb custom_padding=\u00bb30px|30px|30px|30px|true|true\u00bb global_colors_info=\u00bb{}\u00bb][et_pb_text _builder_version=\u00bb4.27.5&#8243; _module_preset=\u00bbdefault\u00bb text_text_color=\u00bb#006B3B\u00bb header_text_color=\u00bb#006B3B\u00bb header_2_text_color=\u00bb#006B3B\u00bb header_3_text_color=\u00bb#006B3B\u00bb custom_padding=\u00bb||20px||false|false\u00bb hover_enabled=\u00bb0&#8243; global_colors_info=\u00bb{}\u00bb sticky_enabled=\u00bb0&#8243;]<\/p>\n<h2>Con\u00f3cenos<\/h2>\n<p>[\/et_pb_text][et_pb_blurb title=\u00bbProp\u00f3sito\u00bb use_icon=\u00bbon\u00bb font_icon=\u00bb&#xe004;||divi||400&#8243; icon_placement=\u00bbleft\u00bb image_icon_width=\u00bb25px\u00bb _builder_version=\u00bb4.27.5&#8243; _module_preset=\u00bbdefault\u00bb image_icon_custom_margin=\u00bb-2px||0px||false|false\u00bb image_icon_custom_padding=\u00bb0px||||false|false\u00bb transform_translate_linked=\u00bboff\u00bb hover_enabled=\u00bb0&#8243; global_colors_info=\u00bb{}\u00bb transform_styles__hover_enabled=\u00bbon|hover\u00bb transform_scale__hover_enabled=\u00bbon|desktop\u00bb transform_translate__hover_enabled=\u00bbon|hover\u00bb transform_rotate__hover_enabled=\u00bbon|desktop\u00bb transform_skew__hover_enabled=\u00bbon|desktop\u00bb transform_origin__hover_enabled=\u00bbon|desktop\u00bb transform_translate__hover=\u00bb15px|0px\u00bb admin_label=\u00bbProp\u00f2sit\u00bb sticky_enabled=\u00bb0&#8243;][\/et_pb_blurb][et_pb_blurb title=\u00bbC\u00f3digo \u00e9tico\u00bb use_icon=\u00bbon\u00bb font_icon=\u00bb&#xe004;||divi||400&#8243; icon_placement=\u00bbleft\u00bb image_icon_width=\u00bb25px\u00bb _builder_version=\u00bb4.27.5&#8243; _module_preset=\u00bbdefault\u00bb image_icon_custom_margin=\u00bb-2px||0px||false|false\u00bb image_icon_custom_padding=\u00bb0px||||false|false\u00bb transform_translate_linked=\u00bboff\u00bb hover_enabled=\u00bb0&#8243; global_colors_info=\u00bb{}\u00bb transform_styles__hover_enabled=\u00bbon|hover\u00bb transform_scale__hover_enabled=\u00bbon|desktop\u00bb transform_translate__hover_enabled=\u00bbon|hover\u00bb transform_rotate__hover_enabled=\u00bbon|desktop\u00bb transform_skew__hover_enabled=\u00bbon|desktop\u00bb transform_origin__hover_enabled=\u00bbon|desktop\u00bb transform_translate__hover=\u00bb15px|0px\u00bb admin_label=\u00bbCodi \u00e8tic\u00bb sticky_enabled=\u00bb0&#8243;][\/et_pb_blurb][et_pb_blurb title=\u00bbEstatus\u00bb use_icon=\u00bbon\u00bb font_icon=\u00bb&#xe004;||divi||400&#8243; icon_placement=\u00bbleft\u00bb image_icon_width=\u00bb25px\u00bb _builder_version=\u00bb4.27.4&#8243; _module_preset=\u00bbdefault\u00bb image_icon_custom_margin=\u00bb-2px||0px||false|false\u00bb image_icon_custom_padding=\u00bb0px||||false|false\u00bb transform_translate_linked=\u00bboff\u00bb link_option_url=\u00bb#\u00bb global_colors_info=\u00bb{}\u00bb transform_styles__hover_enabled=\u00bbon|hover\u00bb transform_scale__hover_enabled=\u00bbon|desktop\u00bb transform_translate__hover_enabled=\u00bbon|hover\u00bb transform_rotate__hover_enabled=\u00bbon|desktop\u00bb transform_skew__hover_enabled=\u00bbon|desktop\u00bb transform_origin__hover_enabled=\u00bbon|desktop\u00bb transform_translate__hover=\u00bb15px|0px\u00bb][\/et_pb_blurb][et_pb_blurb title=\u00bbPlan de acci\u00f3n\u00bb use_icon=\u00bbon\u00bb font_icon=\u00bb&#xe004;||divi||400&#8243; icon_placement=\u00bbleft\u00bb image_icon_width=\u00bb25px\u00bb _builder_version=\u00bb4.27.4&#8243; _module_preset=\u00bbdefault\u00bb image_icon_custom_margin=\u00bb-2px||0px||false|false\u00bb image_icon_custom_padding=\u00bb0px||||false|false\u00bb transform_translate_linked=\u00bboff\u00bb link_option_url=\u00bb#\u00bb global_colors_info=\u00bb{}\u00bb transform_styles__hover_enabled=\u00bbon|hover\u00bb transform_scale__hover_enabled=\u00bbon|desktop\u00bb transform_translate__hover_enabled=\u00bbon|hover\u00bb transform_rotate__hover_enabled=\u00bbon|desktop\u00bb transform_skew__hover_enabled=\u00bbon|desktop\u00bb transform_origin__hover_enabled=\u00bbon|desktop\u00bb transform_translate__hover=\u00bb15px|0px\u00bb][\/et_pb_blurb][\/et_pb_column][et_pb_column type=\u00bb1_4&#8243; _builder_version=\u00bb4.27.4&#8243; _module_preset=\u00bbdefault\u00bb background_color=\u00bb#F7F2CB\u00bb background_enable_color=\u00bbon\u00bb custom_padding=\u00bb30px|30px|30px|30px|true|true\u00bb global_colors_info=\u00bb{}\u00bb][et_pb_text _builder_version=\u00bb4.27.4&#8243; _module_preset=\u00bbdefault\u00bb text_text_color=\u00bb#006B3B\u00bb header_text_color=\u00bb#006B3B\u00bb header_2_text_color=\u00bb#006B3B\u00bb header_3_text_color=\u00bb#006B3B\u00bb custom_padding=\u00bb||20px||false|false\u00bb global_colors_info=\u00bb{}\u00bb]<\/p>\n<h2>Econom\u00eda<\/h2>\n<p>[\/et_pb_text][et_pb_blurb title=\u00bbEstados financieros y memorias econ\u00f3micas\u00bb use_icon=\u00bbon\u00bb font_icon=\u00bb&#xe004;||divi||400&#8243; icon_placement=\u00bbleft\u00bb image_icon_width=\u00bb25px\u00bb _builder_version=\u00bb4.27.4&#8243; _module_preset=\u00bbdefault\u00bb image_icon_custom_margin=\u00bb-2px||0px||false|false\u00bb image_icon_custom_padding=\u00bb0px||||false|false\u00bb transform_translate_linked=\u00bboff\u00bb link_option_url=\u00bb#\u00bb global_colors_info=\u00bb{}\u00bb transform_styles__hover_enabled=\u00bbon|hover\u00bb transform_scale__hover_enabled=\u00bbon|desktop\u00bb transform_translate__hover_enabled=\u00bbon|hover\u00bb transform_rotate__hover_enabled=\u00bbon|desktop\u00bb transform_skew__hover_enabled=\u00bbon|desktop\u00bb transform_origin__hover_enabled=\u00bbon|desktop\u00bb transform_translate__hover=\u00bb15px|0px\u00bb][\/et_pb_blurb][et_pb_blurb title=\u00bbAuditor\u00edas\u00bb use_icon=\u00bbon\u00bb font_icon=\u00bb&#xe004;||divi||400&#8243; icon_placement=\u00bbleft\u00bb image_icon_width=\u00bb25px\u00bb _builder_version=\u00bb4.27.4&#8243; _module_preset=\u00bbdefault\u00bb image_icon_custom_margin=\u00bb-2px||0px||false|false\u00bb image_icon_custom_padding=\u00bb0px||||false|false\u00bb transform_translate_linked=\u00bboff\u00bb link_option_url=\u00bb#\u00bb global_colors_info=\u00bb{}\u00bb transform_styles__hover_enabled=\u00bbon|hover\u00bb transform_scale__hover_enabled=\u00bbon|desktop\u00bb transform_translate__hover_enabled=\u00bbon|hover\u00bb transform_rotate__hover_enabled=\u00bbon|desktop\u00bb transform_skew__hover_enabled=\u00bbon|desktop\u00bb transform_origin__hover_enabled=\u00bbon|desktop\u00bb transform_translate__hover=\u00bb15px|0px\u00bb][\/et_pb_blurb][et_pb_blurb title=\u00bbPresupuestos\u00bb use_icon=\u00bbon\u00bb font_icon=\u00bb&#xe004;||divi||400&#8243; icon_placement=\u00bbleft\u00bb image_icon_width=\u00bb25px\u00bb _builder_version=\u00bb4.27.4&#8243; _module_preset=\u00bbdefault\u00bb image_icon_custom_margin=\u00bb-2px||0px||false|false\u00bb image_icon_custom_padding=\u00bb0px||||false|false\u00bb transform_translate_linked=\u00bboff\u00bb link_option_url=\u00bb#\u00bb global_colors_info=\u00bb{}\u00bb transform_styles__hover_enabled=\u00bbon|hover\u00bb transform_scale__hover_enabled=\u00bbon|desktop\u00bb transform_translate__hover_enabled=\u00bbon|hover\u00bb transform_rotate__hover_enabled=\u00bbon|desktop\u00bb transform_skew__hover_enabled=\u00bbon|desktop\u00bb transform_origin__hover_enabled=\u00bbon|desktop\u00bb transform_translate__hover=\u00bb15px|0px\u00bb][\/et_pb_blurb][\/et_pb_column][et_pb_column type=\u00bb1_4&#8243; _builder_version=\u00bb4.27.4&#8243; _module_preset=\u00bbdefault\u00bb background_color=\u00bb#F7F2CB\u00bb background_enable_color=\u00bbon\u00bb custom_padding=\u00bb30px|30px|30px|30px|true|true\u00bb global_colors_info=\u00bb{}\u00bb][et_pb_text _builder_version=\u00bb4.27.4&#8243; _module_preset=\u00bbdefault\u00bb text_text_color=\u00bb#006B3B\u00bb header_text_color=\u00bb#006B3B\u00bb header_2_text_color=\u00bb#006B3B\u00bb header_3_text_color=\u00bb#006B3B\u00bb custom_padding=\u00bb||20px||false|false\u00bb global_colors_info=\u00bb{}\u00bb]<\/p>\n<h2>C\u00f3mo nos organizamos<\/h2>\n<p>[\/et_pb_text][et_pb_blurb title=\u00bb\u00d3rgano de gobierno, patronato y gesti\u00f3n\u00bb use_icon=\u00bbon\u00bb font_icon=\u00bb&#xe004;||divi||400&#8243; icon_placement=\u00bbleft\u00bb image_icon_width=\u00bb25px\u00bb _builder_version=\u00bb4.27.4&#8243; _module_preset=\u00bbdefault\u00bb image_icon_custom_margin=\u00bb-2px||0px||false|false\u00bb image_icon_custom_padding=\u00bb0px||||false|false\u00bb transform_translate_linked=\u00bboff\u00bb link_option_url=\u00bb#\u00bb global_colors_info=\u00bb{}\u00bb transform_styles__hover_enabled=\u00bbon|hover\u00bb transform_scale__hover_enabled=\u00bbon|desktop\u00bb transform_translate__hover_enabled=\u00bbon|hover\u00bb transform_rotate__hover_enabled=\u00bbon|desktop\u00bb transform_skew__hover_enabled=\u00bbon|desktop\u00bb transform_origin__hover_enabled=\u00bbon|desktop\u00bb transform_translate__hover=\u00bb15px|0px\u00bb][\/et_pb_blurb][et_pb_blurb title=\u00bbL\u00edneas de trabajo\u00bb use_icon=\u00bbon\u00bb font_icon=\u00bb&#xe004;||divi||400&#8243; icon_placement=\u00bbleft\u00bb image_icon_width=\u00bb25px\u00bb _builder_version=\u00bb4.27.4&#8243; _module_preset=\u00bbdefault\u00bb image_icon_custom_margin=\u00bb-2px||0px||false|false\u00bb image_icon_custom_padding=\u00bb0px||||false|false\u00bb transform_translate_linked=\u00bboff\u00bb link_option_url=\u00bb#\u00bb hover_enabled=\u00bb0&#8243; global_colors_info=\u00bb{}\u00bb transform_styles__hover_enabled=\u00bbon|hover\u00bb transform_scale__hover_enabled=\u00bbon|desktop\u00bb transform_translate__hover_enabled=\u00bbon|hover\u00bb transform_rotate__hover_enabled=\u00bbon|desktop\u00bb transform_skew__hover_enabled=\u00bbon|desktop\u00bb transform_origin__hover_enabled=\u00bbon|desktop\u00bb transform_translate__hover=\u00bb15px|0px\u00bb sticky_enabled=\u00bb0&#8243; disabled_on=\u00bboff|off|off\u00bb][\/et_pb_blurb][et_pb_blurb title=\u00bbConvenios y marcos de colaboraci\u00f3n\u00bb use_icon=\u00bbon\u00bb font_icon=\u00bb&#xe004;||divi||400&#8243; icon_placement=\u00bbleft\u00bb image_icon_width=\u00bb25px\u00bb _builder_version=\u00bb4.27.4&#8243; _module_preset=\u00bbdefault\u00bb image_icon_custom_margin=\u00bb-2px||0px||false|false\u00bb image_icon_custom_padding=\u00bb0px||||false|false\u00bb transform_translate_linked=\u00bboff\u00bb link_option_url=\u00bb#\u00bb global_colors_info=\u00bb{}\u00bb transform_styles__hover_enabled=\u00bbon|hover\u00bb transform_scale__hover_enabled=\u00bbon|desktop\u00bb transform_translate__hover_enabled=\u00bbon|hover\u00bb transform_rotate__hover_enabled=\u00bbon|desktop\u00bb transform_skew__hover_enabled=\u00bbon|desktop\u00bb transform_origin__hover_enabled=\u00bbon|desktop\u00bb transform_translate__hover=\u00bb15px|0px\u00bb][\/et_pb_blurb][\/et_pb_column][et_pb_column type=\u00bb1_4&#8243; _builder_version=\u00bb4.27.4&#8243; _module_preset=\u00bbdefault\u00bb background_color=\u00bb#F7F2CB\u00bb background_enable_color=\u00bbon\u00bb custom_padding=\u00bb30px|30px|30px|30px|true|true\u00bb global_colors_info=\u00bb{}\u00bb][et_pb_text _builder_version=\u00bb4.27.4&#8243; _module_preset=\u00bbdefault\u00bb text_text_color=\u00bb#006B3B\u00bb header_text_color=\u00bb#006B3B\u00bb header_2_text_color=\u00bb#006B3B\u00bb header_3_text_color=\u00bb#006B3B\u00bb custom_padding=\u00bb||20px||false|false\u00bb global_colors_info=\u00bb{}\u00bb]<\/p>\n<h2>Actividades<\/h2>\n<p>[\/et_pb_text][et_pb_blurb title=\u00bbMemoria 2024&#8243; use_icon=\u00bbon\u00bb font_icon=\u00bb&#xe004;||divi||400&#8243; icon_placement=\u00bbleft\u00bb image_icon_width=\u00bb25px\u00bb _builder_version=\u00bb4.27.4&#8243; _module_preset=\u00bbdefault\u00bb image_icon_custom_margin=\u00bb-2px||0px||false|false\u00bb image_icon_custom_padding=\u00bb0px||||false|false\u00bb transform_translate_linked=\u00bboff\u00bb link_option_url=\u00bb#\u00bb global_colors_info=\u00bb{}\u00bb transform_styles__hover_enabled=\u00bbon|hover\u00bb transform_scale__hover_enabled=\u00bbon|desktop\u00bb transform_translate__hover_enabled=\u00bbon|hover\u00bb transform_rotate__hover_enabled=\u00bbon|desktop\u00bb transform_skew__hover_enabled=\u00bbon|desktop\u00bb transform_origin__hover_enabled=\u00bbon|desktop\u00bb transform_translate__hover=\u00bb15px|0px\u00bb][\/et_pb_blurb][et_pb_blurb title=\u00bbMemoria 2023&#8243; use_icon=\u00bbon\u00bb font_icon=\u00bb&#xe004;||divi||400&#8243; icon_placement=\u00bbleft\u00bb image_icon_width=\u00bb25px\u00bb _builder_version=\u00bb4.27.4&#8243; _module_preset=\u00bbdefault\u00bb image_icon_custom_margin=\u00bb-2px||0px||false|false\u00bb image_icon_custom_padding=\u00bb0px||||false|false\u00bb transform_translate_linked=\u00bboff\u00bb link_option_url=\u00bb#\u00bb global_colors_info=\u00bb{}\u00bb transform_styles__hover_enabled=\u00bbon|hover\u00bb transform_scale__hover_enabled=\u00bbon|desktop\u00bb transform_translate__hover_enabled=\u00bbon|hover\u00bb transform_rotate__hover_enabled=\u00bbon|desktop\u00bb transform_skew__hover_enabled=\u00bbon|desktop\u00bb transform_origin__hover_enabled=\u00bbon|desktop\u00bb transform_translate__hover=\u00bb15px|0px\u00bb][\/et_pb_blurb][et_pb_blurb title=\u00bbGrupos de inter\u00e9s\u00bb use_icon=\u00bbon\u00bb font_icon=\u00bb&#xe004;||divi||400&#8243; icon_placement=\u00bbleft\u00bb image_icon_width=\u00bb25px\u00bb _builder_version=\u00bb4.27.4&#8243; _module_preset=\u00bbdefault\u00bb image_icon_custom_margin=\u00bb-2px||0px||false|false\u00bb image_icon_custom_padding=\u00bb0px||||false|false\u00bb transform_translate_linked=\u00bboff\u00bb link_option_url=\u00bb#\u00bb global_colors_info=\u00bb{}\u00bb transform_styles__hover_enabled=\u00bbon|hover\u00bb transform_scale__hover_enabled=\u00bbon|desktop\u00bb transform_translate__hover_enabled=\u00bbon|hover\u00bb transform_rotate__hover_enabled=\u00bbon|desktop\u00bb transform_skew__hover_enabled=\u00bbon|desktop\u00bb transform_origin__hover_enabled=\u00bbon|desktop\u00bb transform_translate__hover=\u00bb15px|0px\u00bb][\/et_pb_blurb][et_pb_blurb title=\u00bbContrataci\u00f3n\u00bb use_icon=\u00bbon\u00bb font_icon=\u00bb&#xe004;||divi||400&#8243; icon_placement=\u00bbleft\u00bb image_icon_width=\u00bb25px\u00bb _builder_version=\u00bb4.27.4&#8243; _module_preset=\u00bbdefault\u00bb image_icon_custom_margin=\u00bb-2px||0px||false|false\u00bb image_icon_custom_padding=\u00bb0px||||false|false\u00bb transform_translate_linked=\u00bboff\u00bb link_option_url=\u00bb#\u00bb global_colors_info=\u00bb{}\u00bb transform_styles__hover_enabled=\u00bbon|hover\u00bb transform_scale__hover_enabled=\u00bbon|desktop\u00bb transform_translate__hover_enabled=\u00bbon|hover\u00bb transform_rotate__hover_enabled=\u00bbon|desktop\u00bb transform_skew__hover_enabled=\u00bbon|desktop\u00bb transform_origin__hover_enabled=\u00bbon|desktop\u00bb transform_translate__hover=\u00bb15px|0px\u00bb][\/et_pb_blurb][\/et_pb_column][\/et_pb_row][\/et_pb_section]<\/p>\n","protected":false},"excerpt":{"rendered":"<p>Transparencia Todo lo que necesitas saberEn La Ginesta entendemos la transparencia como una forma de ser y de relacionarnos, no s\u00f3lo como un deber legal.Queremos que cualquier persona -familias, profesionales, [&hellip;]<\/p>\n","protected":false},"author":2,"featured_media":0,"parent":0,"menu_order":0,"comment_status":"closed","ping_status":"closed","template":"","meta":{"_et_pb_use_builder":"on","_et_pb_old_content":"","_et_gb_content_width":"","footnotes":""},"class_list":["post-2826","page","type-page","status-publish","hentry"],"_links":{"self":[{"href":"https:\/\/fsac.cat\/es\/wp-json\/wp\/v2\/pages\/2826","targetHints":{"allow":["GET"]}}],"collection":[{"href":"https:\/\/fsac.cat\/es\/wp-json\/wp\/v2\/pages"}],"about":[{"href":"https:\/\/fsac.cat\/es\/wp-json\/wp\/v2\/types\/page"}],"author":[{"embeddable":true,"href":"https:\/\/fsac.cat\/es\/wp-json\/wp\/v2\/users\/2"}],"replies":[{"embeddable":true,"href":"https:\/\/fsac.cat\/es\/wp-json\/wp\/v2\/comments?post=2826"}],"version-history":[{"count":3,"href":"https:\/\/fsac.cat\/es\/wp-json\/wp\/v2\/pages\/2826\/revisions"}],"predecessor-version":[{"id":3572,"href":"https:\/\/fsac.cat\/es\/wp-json\/wp\/v2\/pages\/2826\/revisions\/3572"}],"wp:attachment":[{"href":"https:\/\/fsac.cat\/es\/wp-json\/wp\/v2\/media?parent=2826"}],"curies":[{"name":"wp","href":"https:\/\/api.w.org\/{rel}","templated":true}]}}