{"id":2837,"date":"2025-06-03T10:32:12","date_gmt":"2025-06-03T10:32:12","guid":{"rendered":"https:\/\/fsac.cat\/personal\/"},"modified":"2026-01-13T09:51:39","modified_gmt":"2026-01-13T09:51:39","slug":"personal","status":"publish","type":"page","link":"https:\/\/fsac.cat\/es\/personal\/","title":{"rendered":"Personal"},"content":{"rendered":"<p>[et_pb_section fb_built=\u00bb1&#8243; module_id=\u00bbhero\u00bb _builder_version=\u00bb4.27.4&#8243; _module_preset=\u00bbdefault\u00bb background_color=\u00bbrgba(0,0,0,0.5)\u00bb background_image=\u00bbhttps:\/\/fsac.cat\/wp-content\/uploads\/2025\/07\/AdobeStock_272812008_Preview.jpeg\u00bb background_blend=\u00bbdarken\u00bb min_height=\u00bb650px\u00bb custom_padding=\u00bb||||false|false\u00bb custom_css_main_element=\u00bbdisplay: flex;||    flex-direction: column;||    justify-content: center;\u00bb locked=\u00bboff\u00bb global_colors_info=\u00bb{}\u00bb][et_pb_row _builder_version=\u00bb4.27.4&#8243; _module_preset=\u00bbdefault\u00bb][et_pb_column type=\u00bb4_4&#8243; _builder_version=\u00bb4.27.4&#8243; _module_preset=\u00bbdefault\u00bb global_colors_info=\u00bb{}\u00bb][et_pb_text _builder_version=\u00bb4.27.4&#8243; _module_preset=\u00bbdefault\u00bb width=\u00bb65%\u00bb global_colors_info=\u00bb{}\u00bb]<\/p>\n<h1>Equipo con valores<\/h1>\n<h2>Personas que hacen posible nuestro prop\u00f3sito<\/h2>\n<p>[\/et_pb_text][\/et_pb_column][\/et_pb_row][\/et_pb_section][et_pb_section fb_built=\u00bb1&#8243; _builder_version=\u00bb4.27.4&#8243; _module_preset=\u00bbdefault\u00bb locked=\u00bboff\u00bb global_colors_info=\u00bb{}\u00bb][et_pb_row _builder_version=\u00bb4.27.4&#8243; _module_preset=\u00bbdefault\u00bb width=\u00bb65%\u00bb width_tablet=\u00bb80%\u00bb width_phone=\u00bb80%\u00bb width_last_edited=\u00bbon|desktop\u00bb][et_pb_column type=\u00bb4_4&#8243; _builder_version=\u00bb4.27.4&#8243; _module_preset=\u00bbdefault\u00bb global_colors_info=\u00bb{}\u00bb][et_pb_text _builder_version=\u00bb4.27.4&#8243; _module_preset=\u00bbdefault\u00bb header_3_font_size=\u00bb36px\u00bb header_3_line_height=\u00bb1.4em\u00bb header_6_font_size=\u00bb36px\u00bb header_6_line_height=\u00bb1.4em\u00bb text_orientation=\u00bbcenter\u00bb custom_margin=\u00bb||||false|false\u00bb custom_padding=\u00bb||||false|false\u00bb header_3_font_size_tablet=\u00bb30px\u00bb header_3_font_size_phone=\u00bb24px\u00bb header_3_font_size_last_edited=\u00bbon|desktop\u00bb global_colors_info=\u00bb{}\u00bb]<\/p>\n<h3>Creemos que la calidad de vida de las personas que viven en ella depende, en gran parte, de las personas que lo cuidan.  <\/h3>\n<p>[\/et_pb_text][et_pb_text _builder_version=\u00bb4.27.4&#8243; _module_preset=\u00bbdefault\u00bb text_font_size=\u00bb20px\u00bb header_3_font_size=\u00bb36px\u00bb header_3_line_height=\u00bb1.4em\u00bb header_6_font_size=\u00bb36px\u00bb header_6_line_height=\u00bb1.4em\u00bb text_orientation=\u00bbcenter\u00bb header_3_font_size_tablet=\u00bb30px\u00bb header_3_font_size_phone=\u00bb24px\u00bb header_3_font_size_last_edited=\u00bbon|desktop\u00bb global_colors_info=\u00bb{}\u00bb]<\/p>\n<p>Por eso, nuestras trabajadoras y trabajadores, <strong>son parte esencial del proyecto<\/strong> . Son profesionales con compromiso, profesionalidad y con vocaci\u00f3n, que acompa\u00f1an desde la proximidad, empat\u00eda y respeto profundo por cada persona y su historia de vida. <\/p>\n<p>[\/et_pb_text][\/et_pb_column][\/et_pb_row][et_pb_row column_structure=\u00bb1_2,1_2&#8243; custom_padding_last_edited=\u00bbon|phone\u00bb _builder_version=\u00bb4.27.4&#8243; _module_preset=\u00bbdefault\u00bb min_height=\u00bb100%\u00bb height=\u00bb100%\u00bb custom_padding_tablet=\u00bb\u00bb custom_padding_phone=\u00bb||0px||false|false\u00bb][et_pb_column type=\u00bb1_2&#8243; _builder_version=\u00bb4.27.4&#8243; _module_preset=\u00bbdefault\u00bb background_image=\u00bbhttps:\/\/fsac.cat\/wp-content\/uploads\/2025\/08\/1538298911.jpg\u00bb custom_padding=\u00bb||||true|false\u00bb custom_css_main_element=\u00bb    display: flex;||    flex-direction: column;||    justify-content: center;\u00bb global_colors_info=\u00bb{}\u00bb][et_pb_image src=\u00bbhttps:\/\/fsac.cat\/wp-content\/uploads\/2025\/08\/1538298911.jpg\u00bb title_text=\u00bb1538298911&#8243; disabled_on=\u00bboff|off|on\u00bb _builder_version=\u00bb4.27.4&#8243; _module_preset=\u00bbdefault\u00bb global_colors_info=\u00bb{}\u00bb][\/et_pb_image][\/et_pb_column][et_pb_column type=\u00bb1_2&#8243; _builder_version=\u00bb4.27.4&#8243; _module_preset=\u00bbdefault\u00bb custom_padding=\u00bb30px||30px||true|false\u00bb custom_css_main_element=\u00bb    display: flex;||    flex-direction: column;||    justify-content: center;\u00bb global_colors_info=\u00bb{}\u00bb][et_pb_text _builder_version=\u00bb4.27.4&#8243; _module_preset=\u00bbdefault\u00bb global_colors_info=\u00bb{}\u00bb]<\/p>\n<p>Nos esforzamos por crear un <strong>entorno laboral saludable, humano y acogedor<\/strong> , donde cada persona se sienta parte de una comunidad. Fomentamos el apoyo mutuo, la comunicaci\u00f3n abierta, el reconocimiento del trabajo bien hecho, as\u00ed como el reconocimiento y aprendizaje de las oportunidades de mejora y errores. <\/p>\n<p><strong>Promovemos su formaci\u00f3n continua<\/strong> para que puedan crecer personal y profesionalmente, adapt\u00e1ndose a las necesidades cambiantes de las personas que atendemos y compartiendo valores como la dignidad, el cuidado y la escucha activa.<\/p>\n<p>Estamos orgullosos de contar con <strong>un equipo que trabaja, se vincula, aporta y transforma<\/strong> . Su implicaci\u00f3n diaria hace posible una atenci\u00f3n centrada en la persona, respetuosa y llena de sentido. Por eso, <strong>cuidar, escuchar y andar junto a nuestro personal<\/strong> es, para nosotros, una prioridad.  <\/p>\n<p>[\/et_pb_text][\/et_pb_column][\/et_pb_row][\/et_pb_section][et_pb_section fb_built=\u00bb1&#8243; module_class=\u00bbcta\u00bb _builder_version=\u00bb4.27.4&#8243; _module_preset=\u00bbdefault\u00bb background_color=\u00bbgcid-secondary-color\u00bb custom_margin=\u00bb||100px||false|false\u00bb custom_margin_tablet=\u00bb||50px||false|false\u00bb custom_margin_phone=\u00bb||50px||false|false\u00bb custom_margin_last_edited=\u00bbon|phone\u00bb custom_padding=\u00bb25px||25px||false|false\u00bb global_colors_info=\u00bb{%22gcid-secondary-color%22:%91%22background_color%22%93}\u00bb][et_pb_row column_structure=\u00bb2_3,1_3&#8243; _builder_version=\u00bb4.27.4&#8243; _module_preset=\u00bbdefault\u00bb][et_pb_column type=\u00bb2_3&#8243; _builder_version=\u00bb4.27.4&#8243; _module_preset=\u00bbdefault\u00bb global_colors_info=\u00bb{}\u00bb][et_pb_text _builder_version=\u00bb4.27.4&#8243; _module_preset=\u00bbdefault\u00bb text_font=\u00bb&#8211;et_global_heading_font||||||||\u00bb text_text_color=\u00bb#FFFFFF\u00bb text_font_size=\u00bb32px\u00bb text_line_height=\u00bb1.4em\u00bb width=\u00bb80%\u00bb width_tablet=\u00bb70%\u00bb width_phone=\u00bb70%\u00bb width_last_edited=\u00bbon|phone\u00bb global_colors_info=\u00bb{}\u00bb]<\/p>\n<p>\u00bfQuieres trabajar con nosotros? Te ofrecemos valores, ventajas y cuidado <\/p>\n<p>[\/et_pb_text][\/et_pb_column][et_pb_column type=\u00bb1_3&#8243; _builder_version=\u00bb4.27.4&#8243; _module_preset=\u00bbdefault\u00bb custom_css_main_element=\u00bbmargin: auto;\u00bb global_colors_info=\u00bb{}\u00bb][et_pb_button button_url=\u00bb@ET-DC@eyJkeW5hbWljIjp0cnVlLCJjb250ZW50IjoicG9zdF9saW5rX3VybF9wYWdlIiwic2V0dGluZ3MiOnsicG9zdF9pZCI6IjI3NjcifX0=@\u00bb button_text=\u00bbM\u00e1s informaci\u00f3n\u00bb _builder_version=\u00bb4.27.5&#8243; _dynamic_attributes=\u00bbbutton_url\u00bb _module_preset=\u00bbdefault\u00bb hover_enabled=\u00bb0&#8243; global_colors_info=\u00bb{}\u00bb sticky_enabled=\u00bb0&#8243;][\/et_pb_button][\/et_pb_column][\/et_pb_row][\/et_pb_section][et_pb_section fb_built=\u00bb1&#8243; _builder_version=\u00bb4.27.4&#8243; _module_preset=\u00bbdefault\u00bb custom_padding=\u00bb0px||||false|false\u00bb global_colors_info=\u00bb{}\u00bb][et_pb_row column_structure=\u00bb1_2,1_2&#8243; _builder_version=\u00bb4.27.4&#8243; _module_preset=\u00bbdefault\u00bb custom_padding=\u00bb||50px||false|false\u00bb global_colors_info=\u00bb{}\u00bb][et_pb_column type=\u00bb1_2&#8243; _builder_version=\u00bb4.27.4&#8243; _module_preset=\u00bbdefault\u00bb global_colors_info=\u00bb{}\u00bb][et_pb_text _builder_version=\u00bb4.27.4&#8243; _module_preset=\u00bbdefault\u00bb header_3_font_size=\u00bb36px\u00bb global_colors_info=\u00bb{}\u00bb]<\/p>\n<h3>Claves de nuestro equipo<\/h3>\n<p>[\/et_pb_text][\/et_pb_column][et_pb_column type=\u00bb1_2&#8243; _builder_version=\u00bb4.27.4&#8243; _module_preset=\u00bbdefault\u00bb global_colors_info=\u00bb{}\u00bb][et_pb_text _builder_version=\u00bb4.27.4&#8243; _module_preset=\u00bbdefault\u00bb text_font_size=\u00bb20px\u00bb global_colors_info=\u00bb{}\u00bb]<\/p>\n<p>Llevar a cabo nuestro prop\u00f3sito y aplicar con \u00e9xito los tres pilares requiere una firme voluntad. No se trata de proponerse conseguir nuestra misi\u00f3n filos\u00f3ficamente, es necesario poner los recursos para que esto se convierta en una realidad palpable en las acciones del d\u00eda a d\u00eda.   <\/p>\n<p>[\/et_pb_text][\/et_pb_column][\/et_pb_row][et_pb_row column_structure=\u00bb1_3,1_3,1_3&#8243; use_custom_gutter=\u00bbon\u00bb module_id=\u00bbformacio\u00bb _builder_version=\u00bb4.27.4&#8243; _module_preset=\u00bbdefault\u00bb custom_padding=\u00bb0px||||false|false\u00bb][et_pb_column type=\u00bb1_3&#8243; _builder_version=\u00bb4.27.4&#8243; _module_preset=\u00bbdefault\u00bb background_color=\u00bb#FDFCF1&#8243; background_enable_color=\u00bbon\u00bb custom_padding=\u00bb60px|20px|50px|20px|false|false\u00bb global_colors_info=\u00bb{}\u00bb][et_pb_text _builder_version=\u00bb4.27.4&#8243; _module_preset=\u00bbdefault\u00bb header_4_font=\u00bb|||on|||||\u00bb header_4_text_color=\u00bb#006B3B\u00bb header_4_font_size=\u00bb20px\u00bb global_colors_info=\u00bb{}\u00bb]<\/p>\n<h4>FORMACIONES  <\/h4>\n<p>[\/et_pb_text][et_pb_text _builder_version=\u00bb4.27.4&#8243; _module_preset=\u00bbdefault\u00bb global_colors_info=\u00bb{}\u00bb]<\/p>\n<p>Nuestro plan de formaci\u00f3n incluye <strong>nuevas formaciones cada a\u00f1o<\/strong> adaptadas a cada perfil y \u00e1rea de trabajo, as\u00ed como un plan individualizado para cada nueva incorporaci\u00f3n.<\/p>\n<p><strong>Tenemos 24<\/strong> tipos de formaciones para este a\u00f1o, con un incremento del 30% respecto al a\u00f1o anterior (17).<\/p>\n<p>Muchas de <strong>las formaciones est\u00e1n centradas en nuestros pilares<\/strong> : Libera Care, Atenci\u00f3n centrada en las personas y M\u00e9todo de validaci\u00f3n.<\/p>\n<p>Tambi\u00e9n <strong>recibimos formaciones espec\u00edficas en temas clave<\/strong> relacionados con el bienestar de las personas que viven y trabajan en La Ginesta, como Responsabilidad social, Primeros auxilios, Movilizaciones, Orientaci\u00f3n en entidad de convivencia, PNL, Atenci\u00f3n al enfermo de Alzheimer, <strong>Gesti\u00f3n de conflictos,<\/strong> Igualdad de g\u00e9nero y no discriminaci\u00f3n, etc\u2026  <\/p>\n<p>Nos sentimos con mucho orgullo de aplicar el aprendizaje continuo, que nos acerca a nuestros valores, misi\u00f3n y valores.  <\/p>\n<p><span style=\"font-size: 16px;\">  <\/span><\/p>\n<p>&nbsp;<\/p>\n<p>[\/et_pb_text][\/et_pb_column][et_pb_column type=\u00bb1_3&#8243; _builder_version=\u00bb4.27.4&#8243; _module_preset=\u00bbdefault\u00bb background_color=\u00bb#F7F2CB\u00bb background_enable_color=\u00bbon\u00bb custom_padding=\u00bb60px|20px|50px|20px|false|false\u00bb global_colors_info=\u00bb{%22gcid-2c712484-642e-4c61-b1ae-21b04348fa81%22:%91%22background_color%22%93}\u00bb][et_pb_text _builder_version=\u00bb4.27.4&#8243; _module_preset=\u00bbdefault\u00bb header_4_font=\u00bb|||on|||||\u00bb header_4_text_color=\u00bb#006B3B\u00bb header_4_font_size=\u00bb20px\u00bb global_colors_info=\u00bb{%22gcid-primary-color%22:%91%22header_4_text_color%22%93}\u00bb]<\/p>\n<h4>DIVISI\u00d3N POR EQUIPOS<\/h4>\n<p>[\/et_pb_text][et_pb_text _builder_version=\u00bb4.27.4&#8243; _module_preset=\u00bbdefault\u00bb global_colors_info=\u00bb{}\u00bb]<\/p>\n<p>  La divisi\u00f3n por equipos y grupos, nos permite tener <strong>unidades aut\u00f3nomas que velan por el correcto funcionamiento operativo<\/strong> , pero sobre todo, por la correcta <strong>alineaci\u00f3n con nuestro prop\u00f3sito.<\/strong> As\u00ed pueden aplicar acciones cubrir sus necesidades espec\u00edficas y valorar su contribuci\u00f3n con la misi\u00f3n de La Ginesta.<\/p>\n<p>Actualmente tenemos las unidades de:<\/p>\n<ul>\n<li>T\u00e9cnicos \u2013 Auxiliares \u2013 Enfermer\u00eda \u2013 Administraci\u00f3n \u2013 Recepci\u00f3n \u2013 Limpieza \u2013 Mantenimiento- Soporte comedor- Direcci\u00f3n \u2013 M\u00e9dico<\/li>\n<\/ul>\n<p>Adem\u00e1s, tenemos el Grupo Multidisciplinar y el Grupo Libera Care que realizan seguimiento de sus correspondientes \u00e1reas.  <\/p>\n<p><span style=\"font-size: 16px;\"> <\/span><\/p>\n<p>&nbsp;<\/p>\n<p>[\/et_pb_text][\/et_pb_column][et_pb_column type=\u00bb1_3&#8243; _builder_version=\u00bb4.27.4&#8243; _module_preset=\u00bbdefault\u00bb background_color=\u00bb#CCE1D8&#8243; background_enable_color=\u00bbon\u00bb custom_padding=\u00bb60px|20px|50px|20px|false|false\u00bb global_colors_info=\u00bb{}\u00bb][et_pb_text _builder_version=\u00bb4.27.4&#8243; _module_preset=\u00bbdefault\u00bb header_4_font=\u00bb|||on|||||\u00bb header_4_text_color=\u00bb#006B3B\u00bb header_4_font_size=\u00bb20px\u00bb global_colors_info=\u00bb{%22gcid-primary-color%22:%91%22header_4_text_color%22%93}\u00bb]<\/p>\n<h4>PLANTILLA AMPLIA<\/h4>\n<p>[\/et_pb_text][et_pb_text _builder_version=\u00bb4.27.4&#8243; _module_preset=\u00bbdefault\u00bb custom_padding=\u00bb0px|||||\u00bb global_colors_info=\u00bb{}\u00bb]<\/p>\n<p>Conseguir todo lo que queremos, requiere <strong>un equipo humano m\u00e1s numeroso de lo habitual<\/strong> . Que cada persona tenga los recursos que necesita para su bienestar y desarrollo se logra con atenci\u00f3n humana adecuada.   <\/p>\n<p>Es por eso que <strong>contamos con 50 personas en nuestro equipo<\/strong> . Si lo comparamos con el n\u00famero de personas residentes, unas 50, nos da <strong>un ratio que nos permite desplegar todo lo que queremos<\/strong> .   <\/p>\n<p>&nbsp;<\/p>\n<p>[\/et_pb_text][\/et_pb_column][\/et_pb_row][\/et_pb_section][et_pb_section fb_built=\u00bb1&#8243; _builder_version=\u00bb4.27.4&#8243; _module_preset=\u00bbdefault\u00bb background_color=\u00bb#FDFCF1&#8243; custom_padding=\u00bb||||false|false\u00bb global_colors_info=\u00bb{}\u00bb][et_pb_row _builder_version=\u00bb4.27.4&#8243; _module_preset=\u00bbdefault\u00bb custom_padding=\u00bb||20px||false|false\u00bb][et_pb_column type=\u00bb4_4&#8243; _builder_version=\u00bb4.27.4&#8243; _module_preset=\u00bbdefault\u00bb global_colors_info=\u00bb{}\u00bb][et_pb_text _builder_version=\u00bb4.27.4&#8243; _module_preset=\u00bbdefault\u00bb header_2_text_color=\u00bbgcid-primary-color\u00bb header_2_font_size=\u00bb36px\u00bb header_2_line_height=\u00bb1.4em\u00bb header_3_font_size=\u00bb36px\u00bb global_colors_info=\u00bb{%22gcid-primary-color%22:%91%22header_2_text_color%22%93}\u00bb]<\/p>\n<h3>Nuestro equipo<\/h3>\n<p>[\/et_pb_text][\/et_pb_column][\/et_pb_row][et_pb_row column_structure=\u00bb1_4,1_4,1_4,1_4&#8243; use_custom_gutter=\u00bbon\u00bb _builder_version=\u00bb4.27.4&#8243; _module_preset=\u00bbdefault\u00bb global_colors_info=\u00bb{}\u00bb][et_pb_column type=\u00bb1_4&#8243; _builder_version=\u00bb4.27.4&#8243; _module_preset=\u00bbdefault\u00bb global_colors_info=\u00bb{}\u00bb][et_pb_blurb title=\u00bbMois\u00e9s Franquesa\u00bb image=\u00bbhttps:\/\/fsac.cat\/wp-content\/uploads\/2025\/10\/DIRECCIO-MOISES-FRANQUESA.jpg\u00bb module_class=\u00bbequip\u00bb _builder_version=\u00bb4.27.4&#8243; _module_preset=\u00bbdefault\u00bb header_level=\u00bbh3&#8243; header_text_color=\u00bb#006B3B\u00bb global_colors_info=\u00bb{}\u00bb]<\/p>\n<p>Direcci\u00f3n<\/p>\n<p>[\/et_pb_blurb][\/et_pb_column][et_pb_column type=\u00bb1_4&#8243; _builder_version=\u00bb4.27.4&#8243; _module_preset=\u00bbdefault\u00bb global_colors_info=\u00bb{}\u00bb][et_pb_blurb title=\u00bbSolange Caetano\u00bb image=\u00bbhttps:\/\/fsac.cat\/wp-content\/uploads\/2025\/10\/sOLANGE-2.jpg\u00bb module_class=\u00bbequip\u00bb _builder_version=\u00bb4.27.4&#8243; _module_preset=\u00bbdefault\u00bb header_level=\u00bbh3&#8243; header_text_color=\u00bb#006B3B\u00bb global_colors_info=\u00bb{}\u00bb]<\/p>\n<p>Trabajadora social<\/p>\n<p>[\/et_pb_blurb][\/et_pb_column][et_pb_column type=\u00bb1_4&#8243; _builder_version=\u00bb4.27.4&#8243; _module_preset=\u00bbdefault\u00bb global_colors_info=\u00bb{}\u00bb][et_pb_blurb title=\u00bbLourdes Ponsa\u00bb image=\u00bbhttps:\/\/fsac.cat\/wp-content\/uploads\/2025\/10\/FISIOTERAPEUTA-LOURDES-PONSA.jpg\u00bb module_class=\u00bbequip\u00bb _builder_version=\u00bb4.27.4&#8243; _module_preset=\u00bbdefault\u00bb header_level=\u00bbh3&#8243; header_text_color=\u00bb#006B3B\u00bb global_colors_info=\u00bb{}\u00bb]<\/p>\n<p>Fisioterapeuta<\/p>\n<p>[\/et_pb_blurb][\/et_pb_column][et_pb_column type=\u00bb1_4&#8243; _builder_version=\u00bb4.27.4&#8243; _module_preset=\u00bbdefault\u00bb global_colors_info=\u00bb{}\u00bb][et_pb_blurb title=\u00bbSabina Plans\u00bb image=\u00bbhttps:\/\/fsac.cat\/wp-content\/uploads\/2025\/10\/PSICOLOGA-I-SUPERVISORA-SABINA-PLANS.jpg\u00bb module_class=\u00bbequip\u00bb _builder_version=\u00bb4.27.4&#8243; _module_preset=\u00bbdefault\u00bb header_level=\u00bbh3&#8243; header_text_color=\u00bb#006B3B\u00bb global_colors_info=\u00bb{}\u00bb]<\/p>\n<p>Psicolog\u00eda y supervisora<\/p>\n<p>[\/et_pb_blurb][\/et_pb_column][\/et_pb_row][et_pb_row column_structure=\u00bb1_4,1_4,1_4,1_4&#8243; use_custom_gutter=\u00bbon\u00bb _builder_version=\u00bb4.27.4&#8243; _module_preset=\u00bbdefault\u00bb global_colors_info=\u00bb{}\u00bb][et_pb_column type=\u00bb1_4&#8243; _builder_version=\u00bb4.27.4&#8243; _module_preset=\u00bbdefault\u00bb global_colors_info=\u00bb{}\u00bb][et_pb_blurb title=\u00bbN\u00faria Vilaseca\u00bb image=\u00bbhttps:\/\/fsac.cat\/wp-content\/uploads\/2025\/10\/TERAPEUTA-OCUPACIONAL-NURIA-VILASECA.webp\u00bb module_class=\u00bbequip\u00bb _builder_version=\u00bb4.27.4&#8243; _module_preset=\u00bbdefault\u00bb header_level=\u00bbh3&#8243; header_text_color=\u00bb#006B3B\u00bb global_colors_info=\u00bb{}\u00bb]<\/p>\n<p>Terapeuta ocupacional<\/p>\n<p>[\/et_pb_blurb][\/et_pb_column][et_pb_column type=\u00bb1_4&#8243; _builder_version=\u00bb4.27.4&#8243; _module_preset=\u00bbdefault\u00bb global_colors_info=\u00bb{}\u00bb][et_pb_blurb title=\u00bbMarta Leal\u00bb image=\u00bbhttps:\/\/fsac.cat\/wp-content\/uploads\/2025\/10\/EDUCADORA-SOCIAL-MARTA-LEAL.jpg\u00bb module_class=\u00bbequip\u00bb _builder_version=\u00bb4.27.4&#8243; _module_preset=\u00bbdefault\u00bb header_level=\u00bbh3&#8243; header_text_color=\u00bb#006B3B\u00bb global_colors_info=\u00bb{}\u00bb]<\/p>\n<p>Educadora social<\/p>\n<p>[\/et_pb_blurb][\/et_pb_column][et_pb_column type=\u00bb1_4&#8243; _builder_version=\u00bb4.27.4&#8243; _module_preset=\u00bbdefault\u00bb global_colors_info=\u00bb{}\u00bb][et_pb_blurb title=\u00bbMireia Roca\u00bb image=\u00bbhttps:\/\/fsac.cat\/wp-content\/uploads\/2025\/10\/RESPONSABLE-ADMINISTRACIO-I-FINANCES-MIREIA-ROCA.jpg\u00bb module_class=\u00bbequip\u00bb _builder_version=\u00bb4.27.4&#8243; _module_preset=\u00bbdefault\u00bb header_level=\u00bbh3&#8243; header_text_color=\u00bb#006B3B\u00bb global_colors_info=\u00bb{}\u00bb]<\/p>\n<p>Responsables administraci\u00f3n y finanzas<\/p>\n<p>[\/et_pb_blurb][\/et_pb_column][et_pb_column type=\u00bb1_4&#8243; _builder_version=\u00bb4.27.4&#8243; _module_preset=\u00bbdefault\u00bb global_colors_info=\u00bb{}\u00bb][et_pb_blurb title=\u00bbMarga Bov\u00e9\u00bb image=\u00bbhttps:\/\/fsac.cat\/wp-content\/uploads\/2025\/10\/RESPONSABLE-INFERMERIA-MARGA-BOVE.jpg\u00bb module_class=\u00bbequip\u00bb _builder_version=\u00bb4.27.4&#8243; _module_preset=\u00bbdefault\u00bb header_level=\u00bbh3&#8243; header_text_color=\u00bb#006B3B\u00bb global_colors_info=\u00bb{}\u00bb]<\/p>\n<p>Responsable enfermer\u00eda<\/p>\n<p>[\/et_pb_blurb][\/et_pb_column][\/et_pb_row][et_pb_row column_structure=\u00bb1_4,1_4,1_4,1_4&#8243; use_custom_gutter=\u00bbon\u00bb _builder_version=\u00bb4.27.4&#8243; _module_preset=\u00bbdefault\u00bb global_colors_info=\u00bb{}\u00bb][et_pb_column type=\u00bb1_4&#8243; _builder_version=\u00bb4.27.4&#8243; _module_preset=\u00bbdefault\u00bb global_colors_info=\u00bb{}\u00bb][et_pb_blurb title=\u00bbRoger Franquesa\u00bb image=\u00bbhttps:\/\/fsac.cat\/wp-content\/uploads\/2025\/10\/RESPONSABLE-DEPARTAMENT-NETEJA-ROGER-FRANQUESA.webp\u00bb module_class=\u00bbequip\u00bb _builder_version=\u00bb4.27.4&#8243; _module_preset=\u00bbdefault\u00bb header_level=\u00bbh3&#8243; header_text_color=\u00bb#006B3B\u00bb global_colors_info=\u00bb{}\u00bb]<\/p>\n<p>Responsable departamento limpieza<\/p>\n<p>[\/et_pb_blurb][\/et_pb_column][et_pb_column type=\u00bb1_4&#8243; _builder_version=\u00bb4.27.4&#8243; _module_preset=\u00bbdefault\u00bb global_colors_info=\u00bb{}\u00bb][et_pb_blurb title=\u00bbAna S\u00e1nchez\u00bb image=\u00bbhttps:\/\/fsac.cat\/wp-content\/uploads\/2025\/10\/RESPONSABLE-RECEPCIO-ANA-SANCHEZ.jpg\u00bb module_class=\u00bbequip\u00bb _builder_version=\u00bb4.27.4&#8243; _module_preset=\u00bbdefault\u00bb header_level=\u00bbh3&#8243; header_text_color=\u00bb#006B3B\u00bb global_colors_info=\u00bb{}\u00bb]<\/p>\n<p>Responsable recepci\u00f3n<\/p>\n<p>[\/et_pb_blurb][\/et_pb_column][et_pb_column type=\u00bb1_4&#8243; _builder_version=\u00bb4.27.4&#8243; _module_preset=\u00bbdefault\u00bb global_colors_info=\u00bb{}\u00bb][\/et_pb_column][et_pb_column type=\u00bb1_4&#8243; _builder_version=\u00bb4.27.4&#8243; _module_preset=\u00bbdefault\u00bb global_colors_info=\u00bb{}\u00bb][\/et_pb_column][\/et_pb_row][\/et_pb_section][et_pb_section fb_built=\u00bb1&#8243; module_class=\u00bbcta\u00bb _builder_version=\u00bb4.27.4&#8243; _module_preset=\u00bbdefault\u00bb background_color=\u00bbgcid-secondary-color\u00bb custom_margin=\u00bb||||false|false\u00bb custom_padding=\u00bb25px||100px||false|false\u00bb global_module=\u00bb727&#8243; locked=\u00bboff\u00bb global_colors_info=\u00bb{%22gcid-secondary-color%22:%91%22background_color%22%93}\u00bb][et_pb_row column_structure=\u00bb2_3,1_3&#8243; _builder_version=\u00bb4.27.4&#8243; _module_preset=\u00bbdefault\u00bb global_colors_info=\u00bb{}\u00bb][et_pb_column type=\u00bb2_3&#8243; _builder_version=\u00bb4.27.4&#8243; _module_preset=\u00bbdefault\u00bb global_colors_info=\u00bb{}\u00bb][et_pb_text _builder_version=\u00bb4.27.4&#8243; _module_preset=\u00bbdefault\u00bb text_font=\u00bb&#8211;et_global_heading_font||||||||\u00bb text_text_color=\u00bb#FFFFFF\u00bb text_font_size=\u00bb32px\u00bb text_line_height=\u00bb1.4em\u00bb width=\u00bb80%\u00bb custom_margin=\u00bb||15px||false|false\u00bb custom_padding=\u00bb||0px||false|false\u00bb global_colors_info=\u00bb{}\u00bb]<\/p>\n<p>\u00bfQuieres ver el detalle de todo lo que te hemos contado?<\/p>\n<p>[\/et_pb_text][et_pb_text _builder_version=\u00bb4.27.4&#8243; _module_preset=\u00bbdefault\u00bb text_font=\u00bb&#8211;et_global_body_font||||||||\u00bb text_text_color=\u00bb#FFFFFF\u00bb text_font_size=\u00bb20px\u00bb text_line_height=\u00bb1.4em\u00bb width=\u00bb80%\u00bb global_colors_info=\u00bb{}\u00bb]<\/p>\n<p>Visita nuestra \u00e1rea de transparencia y encontrar\u00e1s el plan de formaci\u00f3n, el organigrama completo y muchas otras informaciones que ponemos a su alcance.  <\/p>\n<p>[\/et_pb_text][\/et_pb_column][et_pb_column type=\u00bb1_3&#8243; _builder_version=\u00bb4.27.4&#8243; _module_preset=\u00bbdefault\u00bb global_colors_info=\u00bb{}\u00bb][et_pb_button button_text=\u00bb\u00c1REA DE TRANSPARENCIA\u00bb button_alignment=\u00bbright\u00bb button_alignment_tablet=\u00bb\u00bb button_alignment_phone=\u00bbleft\u00bb button_alignment_last_edited=\u00bbon|phone\u00bb _builder_version=\u00bb4.27.4&#8243; _module_preset=\u00bbdefault\u00bb global_colors_info=\u00bb{}\u00bb][\/et_pb_button][\/et_pb_column][\/et_pb_row][\/et_pb_section]<\/p>\n","protected":false},"excerpt":{"rendered":"<p>Equipo con valores Personas que hacen posible nuestro prop\u00f3sitoCreemos que la calidad de vida de las personas que viven en ella depende, en gran parte, de las personas que lo [&hellip;]<\/p>\n","protected":false},"author":1,"featured_media":0,"parent":0,"menu_order":0,"comment_status":"closed","ping_status":"closed","template":"","meta":{"_et_pb_use_builder":"on","_et_pb_old_content":"","_et_gb_content_width":"","footnotes":""},"class_list":["post-2837","page","type-page","status-publish","hentry"],"_links":{"self":[{"href":"https:\/\/fsac.cat\/es\/wp-json\/wp\/v2\/pages\/2837","targetHints":{"allow":["GET"]}}],"collection":[{"href":"https:\/\/fsac.cat\/es\/wp-json\/wp\/v2\/pages"}],"about":[{"href":"https:\/\/fsac.cat\/es\/wp-json\/wp\/v2\/types\/page"}],"author":[{"embeddable":true,"href":"https:\/\/fsac.cat\/es\/wp-json\/wp\/v2\/users\/1"}],"replies":[{"embeddable":true,"href":"https:\/\/fsac.cat\/es\/wp-json\/wp\/v2\/comments?post=2837"}],"version-history":[{"count":2,"href":"https:\/\/fsac.cat\/es\/wp-json\/wp\/v2\/pages\/2837\/revisions"}],"predecessor-version":[{"id":3190,"href":"https:\/\/fsac.cat\/es\/wp-json\/wp\/v2\/pages\/2837\/revisions\/3190"}],"wp:attachment":[{"href":"https:\/\/fsac.cat\/es\/wp-json\/wp\/v2\/media?parent=2837"}],"curies":[{"name":"wp","href":"https:\/\/api.w.org\/{rel}","templated":true}]}}