{"id":3082,"date":"2026-01-08T10:42:09","date_gmt":"2026-01-08T10:42:09","guid":{"rendered":"https:\/\/fsac.cat\/aviso-legal\/"},"modified":"2026-01-08T10:42:09","modified_gmt":"2026-01-08T10:42:09","slug":"aviso-legal","status":"publish","type":"page","link":"https:\/\/fsac.cat\/es\/aviso-legal\/","title":{"rendered":"Aviso legal"},"content":{"rendered":"\n<!-- Legal document generated by Complianz | GDPR\/CCPA Cookie Consent https:\/\/wordpress.org\/plugins\/complianz-gdpr -->\n<div id=\"cmplz-document\" class=\"cmplz-document impressum cmplz-document-all\"><p><i>Este aviso legal \/ imprint fue actualizado por \u00faltima vez el 8 de enero de 2026.<\/i><\/p><p class=\"cmplz-subtitle\">El propietario de esta web es:<\/p><p>FUNDACI\u00d3 PRIVADA SANT ANDREU DE CASTELLCIR <br>Carrer de la Llum, 3-9 08183 Castellcir (Barcelona) Espa\u00f1a<br>Espa\u00f1a<br>Correo electr\u00f3nico:&nbsp;<span class=\"cmplz-obfuscate\">i&#110;f&#111;@<span class=\"cmplz-fmail-domain\">&#101;x&#046;&#099;om<\/span>&#102;s&#097;&#099;.&#099;at<\/span><br>N\u00famero de tel\u00e9fono: 938 62 47 50<br>CIF (N\u00famero de IVA):&nbsp;G62413471<\/p><h2>1. General<\/h2><p>No estamos dispuestos ni obligados a participar en procedimientos de resoluci\u00f3n de conflictos ante una junta de arbitraje de consumo.<\/p><\/div>","protected":false},"excerpt":{"rendered":"","protected":false},"author":1,"featured_media":0,"parent":0,"menu_order":0,"comment_status":"closed","ping_status":"closed","template":"","meta":{"_et_pb_use_builder":"","_et_pb_old_content":"","_et_gb_content_width":"","footnotes":""},"class_list":["post-3082","page","type-page","status-publish","hentry"],"_links":{"self":[{"href":"https:\/\/fsac.cat\/es\/wp-json\/wp\/v2\/pages\/3082","targetHints":{"allow":["GET"]}}],"collection":[{"href":"https:\/\/fsac.cat\/es\/wp-json\/wp\/v2\/pages"}],"about":[{"href":"https:\/\/fsac.cat\/es\/wp-json\/wp\/v2\/types\/page"}],"author":[{"embeddable":true,"href":"https:\/\/fsac.cat\/es\/wp-json\/wp\/v2\/users\/1"}],"replies":[{"embeddable":true,"href":"https:\/\/fsac.cat\/es\/wp-json\/wp\/v2\/comments?post=3082"}],"version-history":[{"count":0,"href":"https:\/\/fsac.cat\/es\/wp-json\/wp\/v2\/pages\/3082\/revisions"}],"wp:attachment":[{"href":"https:\/\/fsac.cat\/es\/wp-json\/wp\/v2\/media?parent=3082"}],"curies":[{"name":"wp","href":"https:\/\/api.w.org\/{rel}","templated":true}]}}